{"id":235673,"date":"2021-12-06T14:05:04","date_gmt":"2021-12-06T13:05:04","guid":{"rendered":"https:\/\/www.benediktaichele.com\/collection\/"},"modified":"2021-12-06T14:05:06","modified_gmt":"2021-12-06T13:05:06","slug":"collection","status":"publish","type":"page","link":"https:\/\/www.benediktaichele.com\/en\/collection\/","title":{"rendered":"Collection"},"content":{"rendered":"<p>[et_pb_section fb_built=&#8221;1&#8243; _builder_version=&#8221;4.9.7&#8243; _module_preset=&#8221;default&#8221; custom_padding=&#8221;1px|||||&#8221; hover_enabled=&#8221;0&#8243; da_disable_devices=&#8221;off|off|off&#8221; background_color=&#8221;#faf8f4&#8243; sticky_enabled=&#8221;0&#8243; da_is_popup=&#8221;off&#8221; da_exit_intent=&#8221;off&#8221; da_has_close=&#8221;on&#8221; da_alt_close=&#8221;off&#8221; da_dark_close=&#8221;off&#8221; da_not_modal=&#8221;on&#8221; da_is_singular=&#8221;off&#8221; da_with_loader=&#8221;off&#8221; da_has_shadow=&#8221;on&#8221;][et_pb_row _builder_version=&#8221;4.6.6&#8243; _module_preset=&#8221;default&#8221; custom_padding=&#8221;0px||10px|||&#8221; locked=&#8221;off&#8221;][et_pb_column type=&#8221;4_4&#8243; _builder_version=&#8221;4.6.6&#8243; _module_preset=&#8221;default&#8221;][et_pb_text _builder_version=&#8221;4.7.1&#8243; _module_preset=&#8221;default&#8221; text_font=&#8221;Assistant||||||||&#8221; header_font=&#8221;Assistant|300|||||||&#8221; custom_margin=&#8221;||0px|||&#8221; custom_padding=&#8221;23px|||||&#8221;]<\/p>\n<h1 style=\"text-align: center;\">Collection<\/h1>\n<p>[\/et_pb_text][et_pb_divider color=&#8221;gcid-f2a57190-c044-4f43-9acc-194c569d6680&#8243; divider_position=&#8221;center&#8221; divider_weight=&#8221;1px&#8221; _builder_version=&#8221;4.9.7&#8243; _module_preset=&#8221;default&#8221; width=&#8221;20%&#8221; max_width=&#8221;70%&#8221; module_alignment=&#8221;left&#8221; custom_margin=&#8221;||0px|||&#8221; hover_enabled=&#8221;0&#8243; global_colors_info=&#8221;{%22gcid-f2a57190-c044-4f43-9acc-194c569d6680%22:%91%22color%22%93}&#8221; sticky_enabled=&#8221;0&#8243;][\/et_pb_divider][et_pb_text _builder_version=&#8221;4.9.7&#8243; _module_preset=&#8221;default&#8221; text_font=&#8221;|300|||||||&#8221; custom_margin=&#8221;0px||-3px|||&#8221; hover_enabled=&#8221;0&#8243; sticky_enabled=&#8221;0&#8243;]<\/p>\n<p style=\"text-align: center;\">All of our items are original creations, conceived and made in our studio in Uz\u00e8s.<\/p>\n<p>[\/et_pb_text][et_pb_divider color=&#8221;gcid-f2a57190-c044-4f43-9acc-194c569d6680&#8243; divider_position=&#8221;center&#8221; divider_weight=&#8221;1px&#8221; _builder_version=&#8221;4.9.7&#8243; _module_preset=&#8221;default&#8221; width=&#8221;20%&#8221; max_width=&#8221;70%&#8221; module_alignment=&#8221;right&#8221; hover_enabled=&#8221;0&#8243; global_colors_info=&#8221;{%22gcid-f2a57190-c044-4f43-9acc-194c569d6680%22:%91%22color%22%93}&#8221; sticky_enabled=&#8221;0&#8243;][\/et_pb_divider][\/et_pb_column][\/et_pb_row][et_pb_row column_structure=&#8221;1_2,1_2&#8243; _builder_version=&#8221;4.6.6&#8243; _module_preset=&#8221;default&#8221; custom_padding=&#8221;2px|||||&#8221; locked=&#8221;off&#8221;][et_pb_column type=&#8221;1_2&#8243; _builder_version=&#8221;4.6.6&#8243; _module_preset=&#8221;default&#8221;][et_pb_button button_url=&#8221;@ET-DC@eyJkeW5hbWljIjp0cnVlLCJjb250ZW50IjoicG9zdF9saW5rX3VybF9wYWdlIiwic2V0dGluZ3MiOnsicG9zdF9pZCI6IjIzMTU1NSJ9fQ==@&#8221; button_text=&#8221;Rings&#8221; button_alignment=&#8221;right&#8221; _builder_version=&#8221;4.9.2&#8243; _dynamic_attributes=&#8221;button_url&#8221; _module_preset=&#8221;default&#8221; custom_button=&#8221;on&#8221; button_text_size=&#8221;18px&#8221; button_text_color=&#8221;#6C757D&#8221; button_bg_color=&#8221;RGBA(0,0,0,0)&#8221; button_border_width=&#8221;0px&#8221; button_border_color=&#8221;#6b6b6b&#8221; button_border_radius=&#8221;0px&#8221; button_letter_spacing=&#8221;1px&#8221; button_font=&#8221;Assistant|300||||on|||&#8221; button_use_icon=&#8221;off&#8221; custom_margin=&#8221;||-10px||false|false&#8221; custom_padding=&#8221;|||0px|false|false&#8221; global_colors_info=&#8221;{%22gcid-f2a57190-c044-4f43-9acc-194c569d6680%22:%91%22button_text_color__hover%22%93}&#8221; button_bg_color__hover_enabled=&#8221;on|desktop&#8221; button_bg_color__hover=&#8221;RGBA(0,0,0,0)&#8221; button_bg_enable_color__hover=&#8221;on&#8221; button_text_color__hover_enabled=&#8221;on|hover&#8221; button_text_color__hover=&#8221;gcid-f2a57190-c044-4f43-9acc-194c569d6680&#8243;][\/et_pb_button][et_pb_button button_url=&#8221;@ET-DC@eyJkeW5hbWljIjp0cnVlLCJjb250ZW50IjoicG9zdF9saW5rX3VybF9wYWdlIiwic2V0dGluZ3MiOnsicG9zdF9pZCI6IjIzMTU1OSJ9fQ==@&#8221; button_text=&#8221;Earrings&#8221; button_alignment=&#8221;right&#8221; _builder_version=&#8221;4.9.2&#8243; _dynamic_attributes=&#8221;button_url&#8221; _module_preset=&#8221;default&#8221; custom_button=&#8221;on&#8221; button_text_size=&#8221;18px&#8221; button_text_color=&#8221;#6C757D&#8221; button_bg_color=&#8221;RGBA(0,0,0,0)&#8221; button_border_width=&#8221;0px&#8221; button_border_color=&#8221;#6b6b6b&#8221; button_border_radius=&#8221;0px&#8221; button_letter_spacing=&#8221;1px&#8221; button_font=&#8221;Assistant|300||||on|||&#8221; button_use_icon=&#8221;off&#8221; custom_margin=&#8221;-13px||-13px||false|false&#8221; custom_padding=&#8221;|||0px|false|false&#8221; global_colors_info=&#8221;{%22gcid-f2a57190-c044-4f43-9acc-194c569d6680%22:%91%22button_text_color__hover%22%93}&#8221; button_text_color__hover=&#8221;gcid-f2a57190-c044-4f43-9acc-194c569d6680&#8243; button_text_color__hover_enabled=&#8221;on|hover&#8221; button_bg_color__hover=&#8221;RGBA(0,0,0,0)&#8221; button_bg_color__hover_enabled=&#8221;on|desktop&#8221;][\/et_pb_button][et_pb_button button_url=&#8221;@ET-DC@eyJkeW5hbWljIjp0cnVlLCJjb250ZW50IjoicG9zdF9saW5rX3VybF9wYWdlIiwic2V0dGluZ3MiOnsicG9zdF9pZCI6IjIzMTY3OCJ9fQ==@&#8221; button_text=&#8221;Bracelets&#8221; button_alignment=&#8221;right&#8221; _builder_version=&#8221;4.7.1&#8243; _dynamic_attributes=&#8221;button_url&#8221; _module_preset=&#8221;default&#8221; custom_button=&#8221;on&#8221; button_text_size=&#8221;18px&#8221; button_text_color=&#8221;#6C757D&#8221; button_bg_color=&#8221;RGBA(0,0,0,0)&#8221; button_border_width=&#8221;0px&#8221; button_border_color=&#8221;#6b6b6b&#8221; button_border_radius=&#8221;0px&#8221; button_letter_spacing=&#8221;1px&#8221; button_font=&#8221;Assistant|300||||on|||&#8221; button_use_icon=&#8221;off&#8221; custom_margin=&#8221;-13px||-13px||false|false&#8221; custom_padding=&#8221;|||0px|false|false&#8221; global_colors_info=&#8221;{%22gcid-f2a57190-c044-4f43-9acc-194c569d6680%22:%91%22button_text_color__hover%22%93}&#8221; button_text_color__hover=&#8221;gcid-f2a57190-c044-4f43-9acc-194c569d6680&#8243; button_text_color__hover_enabled=&#8221;on|hover&#8221; button_bg_color__hover=&#8221;RGBA(0,0,0,0)&#8221; button_bg_color__hover_enabled=&#8221;on|desktop&#8221;][\/et_pb_button][et_pb_button button_url=&#8221;@ET-DC@eyJkeW5hbWljIjp0cnVlLCJjb250ZW50IjoicG9zdF9saW5rX3VybF9wYWdlIiwic2V0dGluZ3MiOnsicG9zdF9pZCI6IjIzMTY4MiJ9fQ==@&#8221; button_text=&#8221;Necklaces &#8211; Pendants&#8221; button_alignment=&#8221;right&#8221; _builder_version=&#8221;4.9.2&#8243; _dynamic_attributes=&#8221;button_url&#8221; _module_preset=&#8221;default&#8221; custom_button=&#8221;on&#8221; button_text_size=&#8221;18px&#8221; button_text_color=&#8221;#6C757D&#8221; button_bg_color=&#8221;RGBA(0,0,0,0)&#8221; button_border_width=&#8221;0px&#8221; button_border_color=&#8221;#6b6b6b&#8221; button_border_radius=&#8221;0px&#8221; button_letter_spacing=&#8221;1px&#8221; button_font=&#8221;Assistant|300||||on|||&#8221; button_use_icon=&#8221;off&#8221; custom_margin=&#8221;||0px||false|false&#8221; custom_padding=&#8221;|||0px|false|false&#8221; global_colors_info=&#8221;{%22gcid-f2a57190-c044-4f43-9acc-194c569d6680%22:%91%22button_text_color__hover%22%93}&#8221; button_text_color__hover=&#8221;gcid-f2a57190-c044-4f43-9acc-194c569d6680&#8243; button_text_color__hover_enabled=&#8221;on|hover&#8221; button_bg_color__hover=&#8221;RGBA(0,0,0,0)&#8221; button_bg_color__hover_enabled=&#8221;on|desktop&#8221;][\/et_pb_button][\/et_pb_column][et_pb_column type=&#8221;1_2&#8243; _builder_version=&#8221;4.6.6&#8243; _module_preset=&#8221;default&#8221;][et_pb_button button_url=&#8221;https:\/\/www.benediktaichele.com\/en\/mood-jewellery\/&#8221; button_text=&#8221;Mood Jewellery&#8221; button_alignment=&#8221;left&#8221; _builder_version=&#8221;4.9.2&#8243; _module_preset=&#8221;default&#8221; custom_button=&#8221;on&#8221; button_text_size=&#8221;18px&#8221; button_text_color=&#8221;#6C757D&#8221; button_bg_color=&#8221;RGBA(0,0,0,0)&#8221; button_border_width=&#8221;0px&#8221; button_border_color=&#8221;#6b6b6b&#8221; button_border_radius=&#8221;0px&#8221; button_letter_spacing=&#8221;1px&#8221; button_font=&#8221;Assistant|300||||on|||&#8221; button_use_icon=&#8221;off&#8221; custom_margin=&#8221;||-10px||false|false&#8221; custom_padding=&#8221;|||0px|false|false&#8221; global_colors_info=&#8221;{%22gcid-f2a57190-c044-4f43-9acc-194c569d6680%22:%91%22button_text_color__hover%22%93}&#8221; button_text_color__hover=&#8221;gcid-f2a57190-c044-4f43-9acc-194c569d6680&#8243; button_text_color__hover_enabled=&#8221;on|hover&#8221; button_bg_color__hover=&#8221;RGBA(0,0,0,0)&#8221; button_bg_color__hover_enabled=&#8221;on|desktop&#8221;][\/et_pb_button][et_pb_button button_url=&#8221;https:\/\/www.benediktaichele.com\/boutique-bijoux-de-collection\/&#8221; button_text=&#8221;Collection&#8221; button_alignment=&#8221;left&#8221; _builder_version=&#8221;4.9.2&#8243; _module_preset=&#8221;default&#8221; custom_button=&#8221;on&#8221; button_text_size=&#8221;18px&#8221; button_text_color=&#8221;#6C757D&#8221; button_bg_color=&#8221;RGBA(0,0,0,0)&#8221; button_border_width=&#8221;0px&#8221; button_border_color=&#8221;#6b6b6b&#8221; button_border_radius=&#8221;0px&#8221; button_letter_spacing=&#8221;1px&#8221; button_font=&#8221;Assistant|300||||on|||&#8221; button_use_icon=&#8221;off&#8221; custom_margin=&#8221;-13px||-13px||false|false&#8221; custom_padding=&#8221;|||0px|false|false&#8221; global_colors_info=&#8221;{%22gcid-f2a57190-c044-4f43-9acc-194c569d6680%22:%91%22button_text_color__hover%22%93}&#8221; button_text_color__hover=&#8221;gcid-f2a57190-c044-4f43-9acc-194c569d6680&#8243; button_text_color__hover_enabled=&#8221;on|hover&#8221; button_bg_color__hover=&#8221;RGBA(0,0,0,0)&#8221; button_bg_color__hover_enabled=&#8221;on|desktop&#8221;][\/et_pb_button][et_pb_button button_url=&#8221;https:\/\/www.benediktaichele.com\/en\/exception\/&#8221; button_text=&#8221;Exception&#8221; button_alignment=&#8221;left&#8221; _builder_version=&#8221;4.7.1&#8243; _module_preset=&#8221;default&#8221; custom_button=&#8221;on&#8221; button_text_size=&#8221;18px&#8221; button_text_color=&#8221;#6C757D&#8221; button_bg_color=&#8221;RGBA(0,0,0,0)&#8221; button_border_width=&#8221;0px&#8221; button_border_color=&#8221;#6b6b6b&#8221; button_border_radius=&#8221;0px&#8221; button_letter_spacing=&#8221;1px&#8221; button_font=&#8221;Assistant|300||||on|||&#8221; button_use_icon=&#8221;off&#8221; custom_margin=&#8221;-13px||-13px||false|false&#8221; custom_padding=&#8221;|||0px|false|false&#8221; global_colors_info=&#8221;{%22gcid-f2a57190-c044-4f43-9acc-194c569d6680%22:%91%22button_text_color__hover%22%93}&#8221; button_text_color__hover=&#8221;gcid-f2a57190-c044-4f43-9acc-194c569d6680&#8243; button_text_color__hover_enabled=&#8221;on|hover&#8221; button_bg_color__hover=&#8221;RGBA(0,0,0,0)&#8221; button_bg_color__hover_enabled=&#8221;on|desktop&#8221;][\/et_pb_button][et_pb_button button_url=&#8221;https:\/\/www.benediktaichele.com\/boutique-univers-bagues-dunion\/&#8221; button_text=&#8221;Bague d\u2019Union Collection&#8221; button_alignment=&#8221;left&#8221; _builder_version=&#8221;4.9.2&#8243; _module_preset=&#8221;default&#8221; custom_button=&#8221;on&#8221; button_text_size=&#8221;18px&#8221; button_text_color=&#8221;#6C757D&#8221; button_bg_color=&#8221;RGBA(0,0,0,0)&#8221; button_border_width=&#8221;0px&#8221; button_border_color=&#8221;#6b6b6b&#8221; button_border_radius=&#8221;0px&#8221; button_letter_spacing=&#8221;1px&#8221; button_font=&#8221;Assistant|300||||on|||&#8221; button_use_icon=&#8221;off&#8221; custom_margin=&#8221;||0px||false|false&#8221; custom_padding=&#8221;|||0px|false|false&#8221; global_colors_info=&#8221;{%22gcid-f2a57190-c044-4f43-9acc-194c569d6680%22:%91%22button_text_color__hover%22%93}&#8221; button_text_color__hover=&#8221;gcid-f2a57190-c044-4f43-9acc-194c569d6680&#8243; button_text_color__hover_enabled=&#8221;on|hover&#8221; button_bg_color__hover=&#8221;RGBA(0,0,0,0)&#8221; button_bg_color__hover_enabled=&#8221;on|desktop&#8221;][\/et_pb_button][\/et_pb_column][\/et_pb_row][et_pb_row _builder_version=&#8221;4.6.5&#8243; _module_preset=&#8221;default&#8221;][et_pb_column type=&#8221;4_4&#8243; _builder_version=&#8221;4.6.5&#8243; _module_preset=&#8221;default&#8221;][et_pb_shop type=&#8221;product_category&#8221; posts_number=&#8221;100&#8243; include_categories=&#8221;202&#8243; columns_number=&#8221;4&#8243; orderby=&#8221;date-desc&#8221; _builder_version=&#8221;4.9.2&#8243; _module_preset=&#8221;default&#8221; title_font=&#8221;Assistant|300|||||||&#8221; title_text_align=&#8221;center&#8221; title_text_color=&#8221;gcid-e48fb5af-cf4c-4a9c-bd3c-94137554f1aa&#8221; title_letter_spacing=&#8221;1px&#8221; price_font=&#8221;Assistant|300|||||||&#8221; price_text_align=&#8221;center&#8221; price_text_color=&#8221;gcid-e48fb5af-cf4c-4a9c-bd3c-94137554f1aa&#8221; global_colors_info=&#8221;{%22gcid-e48fb5af-cf4c-4a9c-bd3c-94137554f1aa%22:%91%22title_text_color%22,%22price_text_color%22%93,%22gcid-f2a57190-c044-4f43-9acc-194c569d6680%22:%91%22title_text_color__hover%22,%22price_text_color__hover%22%93}&#8221; title_text_color__hover_enabled=&#8221;on|desktop&#8221; title_text_color__hover=&#8221;gcid-f2a57190-c044-4f43-9acc-194c569d6680&#8243; price_text_color__hover_enabled=&#8221;on|desktop&#8221; price_text_color__hover=&#8221;gcid-f2a57190-c044-4f43-9acc-194c569d6680&#8243;][\/et_pb_shop][\/et_pb_column][\/et_pb_row][\/et_pb_section]<\/p>\n","protected":false},"excerpt":{"rendered":"<p>CollectionAll of our items are original creations, conceived and made in our studio in Uz\u00e8s.<\/p>\n","protected":false},"author":2,"featured_media":0,"parent":0,"menu_order":0,"comment_status":"closed","ping_status":"closed","template":"","meta":{"_et_pb_use_builder":"on","_et_pb_old_content":"","_et_gb_content_width":"","footnotes":""},"class_list":["post-235673","page","type-page","status-publish","hentry"],"yoast_head":"<!-- This site is optimized with the Yoast SEO plugin v27.3 - https:\/\/yoast.com\/product\/yoast-seo-wordpress\/ -->\n<title>Collection - B\u00e9n\u00e9dikt A\u00efchel\u00e9 Joaillier<\/title>\n<meta name=\"robots\" content=\"index, follow, max-snippet:-1, max-image-preview:large, max-video-preview:-1\" \/>\n<link rel=\"canonical\" href=\"https:\/\/www.benediktaichele.com\/en\/collection\/\" \/>\n<meta property=\"og:locale\" content=\"en_US\" \/>\n<meta property=\"og:type\" content=\"article\" \/>\n<meta property=\"og:title\" content=\"Collection - B\u00e9n\u00e9dikt A\u00efchel\u00e9 Joaillier\" \/>\n<meta property=\"og:description\" content=\"CollectionAll of our items are original creations, conceived and made in our studio in Uz\u00e8s.\" \/>\n<meta property=\"og:url\" content=\"https:\/\/www.benediktaichele.com\/en\/collection\/\" \/>\n<meta property=\"og:site_name\" content=\"B\u00e9n\u00e9dikt A\u00efchel\u00e9 Joaillier\" \/>\n<meta property=\"article:publisher\" content=\"https:\/\/www.facebook.com\/benediktaichelejoaillier\" \/>\n<meta property=\"article:modified_time\" content=\"2021-12-06T13:05:06+00:00\" \/>\n<meta name=\"twitter:card\" content=\"summary_large_image\" \/>\n<meta name=\"twitter:label1\" content=\"Est. reading time\" \/>\n\t<meta name=\"twitter:data1\" content=\"8 minutes\" \/>\n<script type=\"application\/ld+json\" class=\"yoast-schema-graph\">{\"@context\":\"https:\\\/\\\/schema.org\",\"@graph\":[{\"@type\":\"WebPage\",\"@id\":\"https:\\\/\\\/www.benediktaichele.com\\\/en\\\/collection\\\/\",\"url\":\"https:\\\/\\\/www.benediktaichele.com\\\/en\\\/collection\\\/\",\"name\":\"Collection - B\u00e9n\u00e9dikt A\u00efchel\u00e9 Joaillier\",\"isPartOf\":{\"@id\":\"https:\\\/\\\/www.benediktaichele.com\\\/en\\\/#website\"},\"datePublished\":\"2021-12-06T13:05:04+00:00\",\"dateModified\":\"2021-12-06T13:05:06+00:00\",\"breadcrumb\":{\"@id\":\"https:\\\/\\\/www.benediktaichele.com\\\/en\\\/collection\\\/#breadcrumb\"},\"inLanguage\":\"en-US\",\"potentialAction\":[{\"@type\":\"ReadAction\",\"target\":[\"https:\\\/\\\/www.benediktaichele.com\\\/en\\\/collection\\\/\"]}]},{\"@type\":\"BreadcrumbList\",\"@id\":\"https:\\\/\\\/www.benediktaichele.com\\\/en\\\/collection\\\/#breadcrumb\",\"itemListElement\":[{\"@type\":\"ListItem\",\"position\":1,\"name\":\"Accueil\",\"item\":\"https:\\\/\\\/www.benediktaichele.com\\\/en\\\/benedikt-aichele-joaillier\\\/\"},{\"@type\":\"ListItem\",\"position\":2,\"name\":\"Collection\"}]},{\"@type\":\"WebSite\",\"@id\":\"https:\\\/\\\/www.benediktaichele.com\\\/en\\\/#website\",\"url\":\"https:\\\/\\\/www.benediktaichele.com\\\/en\\\/\",\"name\":\"B\u00e9n\u00e9dikt A\u00efchel\u00e9 Joaillier\",\"description\":\"Joaillier Cr\u00e9ateur \u00e0 Uz\u00e8s, Paris et Bruxelles\",\"publisher\":{\"@id\":\"https:\\\/\\\/www.benediktaichele.com\\\/en\\\/#organization\"},\"potentialAction\":[{\"@type\":\"SearchAction\",\"target\":{\"@type\":\"EntryPoint\",\"urlTemplate\":\"https:\\\/\\\/www.benediktaichele.com\\\/en\\\/?s={search_term_string}\"},\"query-input\":{\"@type\":\"PropertyValueSpecification\",\"valueRequired\":true,\"valueName\":\"search_term_string\"}}],\"inLanguage\":\"en-US\"},{\"@type\":\"Organization\",\"@id\":\"https:\\\/\\\/www.benediktaichele.com\\\/en\\\/#organization\",\"name\":\"B\u00e9n\u00e9dikt A\u00efchel\u00e9 Joaillier\",\"url\":\"https:\\\/\\\/www.benediktaichele.com\\\/en\\\/\",\"logo\":{\"@type\":\"ImageObject\",\"inLanguage\":\"en-US\",\"@id\":\"https:\\\/\\\/www.benediktaichele.com\\\/en\\\/#\\\/schema\\\/logo\\\/image\\\/\",\"url\":\"https:\\\/\\\/i2.wp.com\\\/www.benediktaichele.com\\\/wp-content\\\/uploads\\\/2020\\\/10\\\/Logo-Be\u0301ne\u0301dikt-Ai\u0308chele\u0301-Accueil.jpg?fit=1771%2C393&ssl=1\",\"contentUrl\":\"https:\\\/\\\/i2.wp.com\\\/www.benediktaichele.com\\\/wp-content\\\/uploads\\\/2020\\\/10\\\/Logo-Be\u0301ne\u0301dikt-Ai\u0308chele\u0301-Accueil.jpg?fit=1771%2C393&ssl=1\",\"width\":1771,\"height\":393,\"caption\":\"B\u00e9n\u00e9dikt A\u00efchel\u00e9 Joaillier\"},\"image\":{\"@id\":\"https:\\\/\\\/www.benediktaichele.com\\\/en\\\/#\\\/schema\\\/logo\\\/image\\\/\"},\"sameAs\":[\"https:\\\/\\\/www.facebook.com\\\/benediktaichelejoaillier\",\"https:\\\/\\\/www.instagram.com\\\/benediktaichelejoaillier\\\/\"]}]}<\/script>\n<!-- \/ Yoast SEO plugin. -->","yoast_head_json":{"title":"Collection - B\u00e9n\u00e9dikt A\u00efchel\u00e9 Joaillier","robots":{"index":"index","follow":"follow","max-snippet":"max-snippet:-1","max-image-preview":"max-image-preview:large","max-video-preview":"max-video-preview:-1"},"canonical":"https:\/\/www.benediktaichele.com\/en\/collection\/","og_locale":"en_US","og_type":"article","og_title":"Collection - B\u00e9n\u00e9dikt A\u00efchel\u00e9 Joaillier","og_description":"CollectionAll of our items are original creations, conceived and made in our studio in Uz\u00e8s.","og_url":"https:\/\/www.benediktaichele.com\/en\/collection\/","og_site_name":"B\u00e9n\u00e9dikt A\u00efchel\u00e9 Joaillier","article_publisher":"https:\/\/www.facebook.com\/benediktaichelejoaillier","article_modified_time":"2021-12-06T13:05:06+00:00","twitter_card":"summary_large_image","twitter_misc":{"Est. reading time":"8 minutes"},"schema":{"@context":"https:\/\/schema.org","@graph":[{"@type":"WebPage","@id":"https:\/\/www.benediktaichele.com\/en\/collection\/","url":"https:\/\/www.benediktaichele.com\/en\/collection\/","name":"Collection - B\u00e9n\u00e9dikt A\u00efchel\u00e9 Joaillier","isPartOf":{"@id":"https:\/\/www.benediktaichele.com\/en\/#website"},"datePublished":"2021-12-06T13:05:04+00:00","dateModified":"2021-12-06T13:05:06+00:00","breadcrumb":{"@id":"https:\/\/www.benediktaichele.com\/en\/collection\/#breadcrumb"},"inLanguage":"en-US","potentialAction":[{"@type":"ReadAction","target":["https:\/\/www.benediktaichele.com\/en\/collection\/"]}]},{"@type":"BreadcrumbList","@id":"https:\/\/www.benediktaichele.com\/en\/collection\/#breadcrumb","itemListElement":[{"@type":"ListItem","position":1,"name":"Accueil","item":"https:\/\/www.benediktaichele.com\/en\/benedikt-aichele-joaillier\/"},{"@type":"ListItem","position":2,"name":"Collection"}]},{"@type":"WebSite","@id":"https:\/\/www.benediktaichele.com\/en\/#website","url":"https:\/\/www.benediktaichele.com\/en\/","name":"B\u00e9n\u00e9dikt A\u00efchel\u00e9 Joaillier","description":"Joaillier Cr\u00e9ateur \u00e0 Uz\u00e8s, Paris et Bruxelles","publisher":{"@id":"https:\/\/www.benediktaichele.com\/en\/#organization"},"potentialAction":[{"@type":"SearchAction","target":{"@type":"EntryPoint","urlTemplate":"https:\/\/www.benediktaichele.com\/en\/?s={search_term_string}"},"query-input":{"@type":"PropertyValueSpecification","valueRequired":true,"valueName":"search_term_string"}}],"inLanguage":"en-US"},{"@type":"Organization","@id":"https:\/\/www.benediktaichele.com\/en\/#organization","name":"B\u00e9n\u00e9dikt A\u00efchel\u00e9 Joaillier","url":"https:\/\/www.benediktaichele.com\/en\/","logo":{"@type":"ImageObject","inLanguage":"en-US","@id":"https:\/\/www.benediktaichele.com\/en\/#\/schema\/logo\/image\/","url":"https:\/\/i2.wp.com\/www.benediktaichele.com\/wp-content\/uploads\/2020\/10\/Logo-Be\u0301ne\u0301dikt-Ai\u0308chele\u0301-Accueil.jpg?fit=1771%2C393&ssl=1","contentUrl":"https:\/\/i2.wp.com\/www.benediktaichele.com\/wp-content\/uploads\/2020\/10\/Logo-Be\u0301ne\u0301dikt-Ai\u0308chele\u0301-Accueil.jpg?fit=1771%2C393&ssl=1","width":1771,"height":393,"caption":"B\u00e9n\u00e9dikt A\u00efchel\u00e9 Joaillier"},"image":{"@id":"https:\/\/www.benediktaichele.com\/en\/#\/schema\/logo\/image\/"},"sameAs":["https:\/\/www.facebook.com\/benediktaichelejoaillier","https:\/\/www.instagram.com\/benediktaichelejoaillier\/"]}]}},"_links":{"self":[{"href":"https:\/\/www.benediktaichele.com\/en\/wp-json\/wp\/v2\/pages\/235673","targetHints":{"allow":["GET"]}}],"collection":[{"href":"https:\/\/www.benediktaichele.com\/en\/wp-json\/wp\/v2\/pages"}],"about":[{"href":"https:\/\/www.benediktaichele.com\/en\/wp-json\/wp\/v2\/types\/page"}],"author":[{"embeddable":true,"href":"https:\/\/www.benediktaichele.com\/en\/wp-json\/wp\/v2\/users\/2"}],"replies":[{"embeddable":true,"href":"https:\/\/www.benediktaichele.com\/en\/wp-json\/wp\/v2\/comments?post=235673"}],"version-history":[{"count":0,"href":"https:\/\/www.benediktaichele.com\/en\/wp-json\/wp\/v2\/pages\/235673\/revisions"}],"wp:attachment":[{"href":"https:\/\/www.benediktaichele.com\/en\/wp-json\/wp\/v2\/media?parent=235673"}],"curies":[{"name":"wp","href":"https:\/\/api.w.org\/{rel}","templated":true}]}}