{"id":235871,"date":"2021-12-10T09:29:16","date_gmt":"2021-12-10T08:29:16","guid":{"rendered":"https:\/\/www.benediktaichele.com\/cart\/"},"modified":"2021-12-10T09:29:18","modified_gmt":"2021-12-10T08:29:18","slug":"cart","status":"publish","type":"page","link":"https:\/\/www.benediktaichele.com\/en\/cart\/","title":{"rendered":"Cart"},"content":{"rendered":"<p>[et_pb_section admin_label=&#8221;section&#8221;]<br \/>\n\t\t\t[et_pb_row admin_label=&#8221;row&#8221;]<br \/>\n\t\t\t\t[et_pb_column type=&#8221;4_4&#8243;][et_pb_text admin_label=&#8221;Text&#8221;]<\/p>\n\n<p>[\/et_pb_text][\/et_pb_column]<br \/>\n\t\t\t[\/et_pb_row]<br \/>\n\t\t[\/et_pb_section]<\/p>\n","protected":false},"excerpt":{"rendered":"\n","protected":false},"author":6,"featured_media":0,"parent":0,"menu_order":0,"comment_status":"closed","ping_status":"closed","template":"","meta":{"_et_pb_use_builder":"on","_et_pb_old_content":"","_et_gb_content_width":"","footnotes":""},"class_list":["post-235871","page","type-page","status-publish","hentry"],"yoast_head":"<!-- This site is optimized with the Yoast SEO plugin v27.3 - https:\/\/yoast.com\/product\/yoast-seo-wordpress\/ -->\n<title>Cart - B\u00e9n\u00e9dikt A\u00efchel\u00e9 Joaillier<\/title>\n<meta name=\"robots\" content=\"index, follow, max-snippet:-1, max-image-preview:large, max-video-preview:-1\" \/>\n<link rel=\"canonical\" href=\"https:\/\/www.benediktaichele.com\/en\/cart\/\" \/>\n<meta property=\"og:locale\" content=\"en_US\" \/>\n<meta property=\"og:type\" content=\"article\" \/>\n<meta property=\"og:title\" content=\"Cart - B\u00e9n\u00e9dikt A\u00efchel\u00e9 Joaillier\" \/>\n<meta property=\"og:url\" content=\"https:\/\/www.benediktaichele.com\/en\/cart\/\" \/>\n<meta property=\"og:site_name\" content=\"B\u00e9n\u00e9dikt A\u00efchel\u00e9 Joaillier\" \/>\n<meta property=\"article:publisher\" content=\"https:\/\/www.facebook.com\/benediktaichelejoaillier\" \/>\n<meta property=\"article:modified_time\" content=\"2021-12-10T08:29:18+00:00\" \/>\n<meta name=\"twitter:card\" content=\"summary_large_image\" \/>\n<meta name=\"twitter:description\" content=\"[woocommerce_cart]\" \/>\n<script type=\"application\/ld+json\" class=\"yoast-schema-graph\">{\"@context\":\"https:\\\/\\\/schema.org\",\"@graph\":[{\"@type\":\"WebPage\",\"@id\":\"https:\\\/\\\/www.benediktaichele.com\\\/en\\\/cart\\\/\",\"url\":\"https:\\\/\\\/www.benediktaichele.com\\\/en\\\/cart\\\/\",\"name\":\"Cart - B\u00e9n\u00e9dikt A\u00efchel\u00e9 Joaillier\",\"isPartOf\":{\"@id\":\"https:\\\/\\\/www.benediktaichele.com\\\/en\\\/#website\"},\"datePublished\":\"2021-12-10T08:29:16+00:00\",\"dateModified\":\"2021-12-10T08:29:18+00:00\",\"breadcrumb\":{\"@id\":\"https:\\\/\\\/www.benediktaichele.com\\\/en\\\/cart\\\/#breadcrumb\"},\"inLanguage\":\"en-US\",\"potentialAction\":[{\"@type\":\"ReadAction\",\"target\":[\"https:\\\/\\\/www.benediktaichele.com\\\/en\\\/cart\\\/\"]}]},{\"@type\":\"BreadcrumbList\",\"@id\":\"https:\\\/\\\/www.benediktaichele.com\\\/en\\\/cart\\\/#breadcrumb\",\"itemListElement\":[{\"@type\":\"ListItem\",\"position\":1,\"name\":\"Accueil\",\"item\":\"https:\\\/\\\/www.benediktaichele.com\\\/en\\\/benedikt-aichele-joaillier\\\/\"},{\"@type\":\"ListItem\",\"position\":2,\"name\":\"Cart\"}]},{\"@type\":\"WebSite\",\"@id\":\"https:\\\/\\\/www.benediktaichele.com\\\/en\\\/#website\",\"url\":\"https:\\\/\\\/www.benediktaichele.com\\\/en\\\/\",\"name\":\"B\u00e9n\u00e9dikt A\u00efchel\u00e9 Joaillier\",\"description\":\"Joaillier Cr\u00e9ateur \u00e0 Uz\u00e8s, Paris et Bruxelles\",\"publisher\":{\"@id\":\"https:\\\/\\\/www.benediktaichele.com\\\/en\\\/#organization\"},\"potentialAction\":[{\"@type\":\"SearchAction\",\"target\":{\"@type\":\"EntryPoint\",\"urlTemplate\":\"https:\\\/\\\/www.benediktaichele.com\\\/en\\\/?s={search_term_string}\"},\"query-input\":{\"@type\":\"PropertyValueSpecification\",\"valueRequired\":true,\"valueName\":\"search_term_string\"}}],\"inLanguage\":\"en-US\"},{\"@type\":\"Organization\",\"@id\":\"https:\\\/\\\/www.benediktaichele.com\\\/en\\\/#organization\",\"name\":\"B\u00e9n\u00e9dikt A\u00efchel\u00e9 Joaillier\",\"url\":\"https:\\\/\\\/www.benediktaichele.com\\\/en\\\/\",\"logo\":{\"@type\":\"ImageObject\",\"inLanguage\":\"en-US\",\"@id\":\"https:\\\/\\\/www.benediktaichele.com\\\/en\\\/#\\\/schema\\\/logo\\\/image\\\/\",\"url\":\"https:\\\/\\\/i2.wp.com\\\/www.benediktaichele.com\\\/wp-content\\\/uploads\\\/2020\\\/10\\\/Logo-Be\u0301ne\u0301dikt-Ai\u0308chele\u0301-Accueil.jpg?fit=1771%2C393&ssl=1\",\"contentUrl\":\"https:\\\/\\\/i2.wp.com\\\/www.benediktaichele.com\\\/wp-content\\\/uploads\\\/2020\\\/10\\\/Logo-Be\u0301ne\u0301dikt-Ai\u0308chele\u0301-Accueil.jpg?fit=1771%2C393&ssl=1\",\"width\":1771,\"height\":393,\"caption\":\"B\u00e9n\u00e9dikt A\u00efchel\u00e9 Joaillier\"},\"image\":{\"@id\":\"https:\\\/\\\/www.benediktaichele.com\\\/en\\\/#\\\/schema\\\/logo\\\/image\\\/\"},\"sameAs\":[\"https:\\\/\\\/www.facebook.com\\\/benediktaichelejoaillier\",\"https:\\\/\\\/www.instagram.com\\\/benediktaichelejoaillier\\\/\"]}]}<\/script>\n<!-- \/ Yoast SEO plugin. -->","yoast_head_json":{"title":"Cart - B\u00e9n\u00e9dikt A\u00efchel\u00e9 Joaillier","robots":{"index":"index","follow":"follow","max-snippet":"max-snippet:-1","max-image-preview":"max-image-preview:large","max-video-preview":"max-video-preview:-1"},"canonical":"https:\/\/www.benediktaichele.com\/en\/cart\/","og_locale":"en_US","og_type":"article","og_title":"Cart - B\u00e9n\u00e9dikt A\u00efchel\u00e9 Joaillier","og_url":"https:\/\/www.benediktaichele.com\/en\/cart\/","og_site_name":"B\u00e9n\u00e9dikt A\u00efchel\u00e9 Joaillier","article_publisher":"https:\/\/www.facebook.com\/benediktaichelejoaillier","article_modified_time":"2021-12-10T08:29:18+00:00","twitter_card":"summary_large_image","twitter_description":"[woocommerce_cart]","schema":{"@context":"https:\/\/schema.org","@graph":[{"@type":"WebPage","@id":"https:\/\/www.benediktaichele.com\/en\/cart\/","url":"https:\/\/www.benediktaichele.com\/en\/cart\/","name":"Cart - B\u00e9n\u00e9dikt A\u00efchel\u00e9 Joaillier","isPartOf":{"@id":"https:\/\/www.benediktaichele.com\/en\/#website"},"datePublished":"2021-12-10T08:29:16+00:00","dateModified":"2021-12-10T08:29:18+00:00","breadcrumb":{"@id":"https:\/\/www.benediktaichele.com\/en\/cart\/#breadcrumb"},"inLanguage":"en-US","potentialAction":[{"@type":"ReadAction","target":["https:\/\/www.benediktaichele.com\/en\/cart\/"]}]},{"@type":"BreadcrumbList","@id":"https:\/\/www.benediktaichele.com\/en\/cart\/#breadcrumb","itemListElement":[{"@type":"ListItem","position":1,"name":"Accueil","item":"https:\/\/www.benediktaichele.com\/en\/benedikt-aichele-joaillier\/"},{"@type":"ListItem","position":2,"name":"Cart"}]},{"@type":"WebSite","@id":"https:\/\/www.benediktaichele.com\/en\/#website","url":"https:\/\/www.benediktaichele.com\/en\/","name":"B\u00e9n\u00e9dikt A\u00efchel\u00e9 Joaillier","description":"Joaillier Cr\u00e9ateur \u00e0 Uz\u00e8s, Paris et Bruxelles","publisher":{"@id":"https:\/\/www.benediktaichele.com\/en\/#organization"},"potentialAction":[{"@type":"SearchAction","target":{"@type":"EntryPoint","urlTemplate":"https:\/\/www.benediktaichele.com\/en\/?s={search_term_string}"},"query-input":{"@type":"PropertyValueSpecification","valueRequired":true,"valueName":"search_term_string"}}],"inLanguage":"en-US"},{"@type":"Organization","@id":"https:\/\/www.benediktaichele.com\/en\/#organization","name":"B\u00e9n\u00e9dikt A\u00efchel\u00e9 Joaillier","url":"https:\/\/www.benediktaichele.com\/en\/","logo":{"@type":"ImageObject","inLanguage":"en-US","@id":"https:\/\/www.benediktaichele.com\/en\/#\/schema\/logo\/image\/","url":"https:\/\/i2.wp.com\/www.benediktaichele.com\/wp-content\/uploads\/2020\/10\/Logo-Be\u0301ne\u0301dikt-Ai\u0308chele\u0301-Accueil.jpg?fit=1771%2C393&ssl=1","contentUrl":"https:\/\/i2.wp.com\/www.benediktaichele.com\/wp-content\/uploads\/2020\/10\/Logo-Be\u0301ne\u0301dikt-Ai\u0308chele\u0301-Accueil.jpg?fit=1771%2C393&ssl=1","width":1771,"height":393,"caption":"B\u00e9n\u00e9dikt A\u00efchel\u00e9 Joaillier"},"image":{"@id":"https:\/\/www.benediktaichele.com\/en\/#\/schema\/logo\/image\/"},"sameAs":["https:\/\/www.facebook.com\/benediktaichelejoaillier","https:\/\/www.instagram.com\/benediktaichelejoaillier\/"]}]}},"_links":{"self":[{"href":"https:\/\/www.benediktaichele.com\/en\/wp-json\/wp\/v2\/pages\/235871","targetHints":{"allow":["GET"]}}],"collection":[{"href":"https:\/\/www.benediktaichele.com\/en\/wp-json\/wp\/v2\/pages"}],"about":[{"href":"https:\/\/www.benediktaichele.com\/en\/wp-json\/wp\/v2\/types\/page"}],"author":[{"embeddable":true,"href":"https:\/\/www.benediktaichele.com\/en\/wp-json\/wp\/v2\/users\/6"}],"replies":[{"embeddable":true,"href":"https:\/\/www.benediktaichele.com\/en\/wp-json\/wp\/v2\/comments?post=235871"}],"version-history":[{"count":0,"href":"https:\/\/www.benediktaichele.com\/en\/wp-json\/wp\/v2\/pages\/235871\/revisions"}],"wp:attachment":[{"href":"https:\/\/www.benediktaichele.com\/en\/wp-json\/wp\/v2\/media?parent=235871"}],"curies":[{"name":"wp","href":"https:\/\/api.w.org\/{rel}","templated":true}]}}