{"id":231030,"date":"2021-06-29T07:00:54","date_gmt":"2021-06-29T05:00:54","guid":{"rendered":"https:\/\/2020.benediktaichele.com\/produit\/import-placeholder-for-230832\/"},"modified":"2023-03-22T11:35:23","modified_gmt":"2023-03-22T10:35:23","slug":"bague-ricochet","status":"publish","type":"product","link":"https:\/\/www.benediktaichele.com\/en\/produit\/bague-ricochet\/","title":{"rendered":"Bague Ricochet"},"content":{"rendered":"<p>[et_pb_section fb_built=&#8221;1&#8243; _builder_version=&#8221;3.22&#8243; custom_padding=&#8221;0px||||false|false&#8221; da_is_popup=&#8221;off&#8221; da_exit_intent=&#8221;off&#8221; da_has_close=&#8221;on&#8221; da_alt_close=&#8221;off&#8221; da_dark_close=&#8221;off&#8221; da_not_modal=&#8221;on&#8221; da_is_singular=&#8221;off&#8221; da_with_loader=&#8221;off&#8221; da_has_shadow=&#8221;on&#8221; da_disable_devices=&#8221;off|off|off&#8221;][et_pb_row _builder_version=&#8221;3.25&#8243; background_size=&#8221;initial&#8221; background_position=&#8221;top_left&#8221; background_repeat=&#8221;repeat&#8221; width=&#8221;100%&#8221; custom_padding=&#8221;0px||0px||false|false&#8221;][et_pb_column type=&#8221;4_4&#8243; _builder_version=&#8221;3.25&#8243; custom_padding=&#8221;|||&#8221; custom_padding__hover=&#8221;|||&#8221;][et_pb_wc_breadcrumb _builder_version=&#8221;3.0.47&#8243;][\/et_pb_wc_breadcrumb][et_pb_wc_cart_notice _builder_version=&#8221;3.0.47&#8243;][\/et_pb_wc_cart_notice][\/et_pb_column][\/et_pb_row][et_pb_row _builder_version=&#8221;3.25&#8243; background_size=&#8221;initial&#8221; background_position=&#8221;top_left&#8221; background_repeat=&#8221;repeat&#8221; width=&#8221;100%&#8221; custom_padding=&#8221;0px||||false|false&#8221; column_structure=&#8221;1_2,1_2&#8243;][et_pb_column type=&#8221;1_2&#8243; _builder_version=&#8221;3.25&#8243; custom_padding=&#8221;|||&#8221; custom_padding__hover=&#8221;|||&#8221;][et_pb_wc_images _builder_version=&#8221;3.0.47&#8243;][\/et_pb_wc_images][\/et_pb_column][et_pb_column type=&#8221;1_2&#8243; _builder_version=&#8221;3.25&#8243; custom_padding=&#8221;|||&#8221; custom_padding__hover=&#8221;|||&#8221;][et_pb_wc_title _builder_version=&#8221;3.0.47&#8243;][\/et_pb_wc_title][et_pb_wc_rating _builder_version=&#8221;3.0.47&#8243;][\/et_pb_wc_rating][et_pb_wc_price _builder_version=&#8221;3.0.47&#8243;][\/et_pb_wc_price][et_pb_wc_description _builder_version=&#8221;3.0.47&#8243;][\/et_pb_wc_description][et_pb_wc_add_to_cart _builder_version=&#8221;3.0.47&#8243;][\/et_pb_wc_add_to_cart][et_pb_wc_meta _builder_version=&#8221;3.0.47&#8243;][\/et_pb_wc_meta][\/et_pb_column][\/et_pb_row][et_pb_row _builder_version=&#8221;3.25&#8243; background_size=&#8221;initial&#8221; background_position=&#8221;top_left&#8221; background_repeat=&#8221;repeat&#8221; width=&#8221;100%&#8221;][et_pb_column type=&#8221;4_4&#8243; _builder_version=&#8221;3.25&#8243; custom_padding=&#8221;|||&#8221; custom_padding__hover=&#8221;|||&#8221;][et_pb_wc_tabs _builder_version=&#8221;3.0.47&#8243;]\t\t\t\t\t[\/et_pb_wc_tabs][et_pb_wc_upsells _builder_version=&#8221;3.0.47&#8243;][\/et_pb_wc_upsells][et_pb_wc_related_products _builder_version=&#8221;3.0.47&#8243;][\/et_pb_wc_related_products][\/et_pb_column][\/et_pb_row][\/et_pb_section]<\/p>\n","protected":false},"excerpt":{"rendered":"<p class=\"p1\"><span class=\"s1\">&#8220;N\u2019ayant jamais r\u00e9ussi \u00e0 faire des ricochets j\u2019ai combl\u00e9 ma frustration en en faisant une bague.&#8221;<\/span><\/p>\n<h2><strong>Bague en or gris 750\u2030 et Perles d\u2019eau douce.<\/strong><\/h2>\n<p><em>Cette bague \u00e9tait une pi\u00e8ce unique.<\/em><\/p>\n","protected":false},"featured_media":231055,"template":"","meta":{"_et_pb_use_builder":"on","_et_pb_old_content":"","_et_gb_content_width":""},"product_brand":[],"product_cat":[199,200,614,481],"product_tag":[465],"class_list":{"0":"post-231030","1":"product","2":"type-product","3":"status-publish","4":"has-post-thumbnail","6":"product_cat-bagues","7":"product_cat-bijoux-dexception","8":"product_cat-eau-douce","9":"product_cat-perles","10":"product_tag-perles","12":"first","13":"outofstock","14":"taxable","15":"shipping-taxable","16":"product-type-simple"},"yoast_head":"<!-- This site is optimized with the Yoast SEO plugin v27.3 - https:\/\/yoast.com\/product\/yoast-seo-wordpress\/ -->\n<title>Bague Ricochet - B\u00e9n\u00e9dikt A\u00efchel\u00e9 Joaillier<\/title>\n<meta name=\"robots\" content=\"index, follow, max-snippet:-1, max-image-preview:large, max-video-preview:-1\" \/>\n<link rel=\"canonical\" href=\"https:\/\/www.benediktaichele.com\/en\/produit\/bague-ricochet\/\" \/>\n<meta property=\"og:locale\" content=\"en_US\" \/>\n<meta property=\"og:type\" content=\"article\" \/>\n<meta property=\"og:title\" content=\"Bague Ricochet - B\u00e9n\u00e9dikt A\u00efchel\u00e9 Joaillier\" \/>\n<meta property=\"og:description\" content=\"&quot;N\u2019ayant jamais r\u00e9ussi \u00e0 faire des ricochets j\u2019ai combl\u00e9 ma frustration en en faisant une bague.&quot;  Bague en or gris 750\u2030 et Perles d\u2019eau douce. Cette bague \u00e9tait une pi\u00e8ce unique.\" \/>\n<meta property=\"og:url\" content=\"https:\/\/www.benediktaichele.com\/en\/produit\/bague-ricochet\/\" \/>\n<meta property=\"og:site_name\" content=\"B\u00e9n\u00e9dikt A\u00efchel\u00e9 Joaillier\" \/>\n<meta property=\"article:publisher\" content=\"https:\/\/www.facebook.com\/benediktaichelejoaillier\" \/>\n<meta property=\"article:modified_time\" content=\"2023-03-22T10:35:23+00:00\" \/>\n<meta property=\"og:image\" content=\"https:\/\/www.benediktaichele.com\/wp-content\/uploads\/2020\/09\/Bague-Ricochet.jpg\" \/>\n\t<meta property=\"og:image:width\" content=\"700\" \/>\n\t<meta property=\"og:image:height\" content=\"700\" \/>\n\t<meta property=\"og:image:type\" content=\"image\/jpeg\" \/>\n<meta name=\"twitter:card\" content=\"summary_large_image\" \/>\n<meta name=\"twitter:label1\" content=\"Est. reading time\" \/>\n\t<meta name=\"twitter:data1\" content=\"2 minutes\" \/>\n<script type=\"application\/ld+json\" class=\"yoast-schema-graph\">{\"@context\":\"https:\\\/\\\/schema.org\",\"@graph\":[{\"@type\":[\"WebPage\",\"ItemPage\"],\"@id\":\"https:\\\/\\\/www.benediktaichele.com\\\/en\\\/produit\\\/bague-ricochet\\\/\",\"url\":\"https:\\\/\\\/www.benediktaichele.com\\\/en\\\/produit\\\/bague-ricochet\\\/\",\"name\":\"Bague Ricochet - B\u00e9n\u00e9dikt A\u00efchel\u00e9 Joaillier\",\"isPartOf\":{\"@id\":\"https:\\\/\\\/www.benediktaichele.com\\\/en\\\/#website\"},\"primaryImageOfPage\":{\"@id\":\"https:\\\/\\\/www.benediktaichele.com\\\/en\\\/produit\\\/bague-ricochet\\\/#primaryimage\"},\"image\":{\"@id\":\"https:\\\/\\\/www.benediktaichele.com\\\/en\\\/produit\\\/bague-ricochet\\\/#primaryimage\"},\"thumbnailUrl\":\"https:\\\/\\\/www.benediktaichele.com\\\/wp-content\\\/uploads\\\/2020\\\/09\\\/Bague-Ricochet.jpg\",\"datePublished\":\"2021-06-29T05:00:54+00:00\",\"dateModified\":\"2023-03-22T10:35:23+00:00\",\"breadcrumb\":{\"@id\":\"https:\\\/\\\/www.benediktaichele.com\\\/en\\\/produit\\\/bague-ricochet\\\/#breadcrumb\"},\"inLanguage\":\"en-US\",\"potentialAction\":[{\"@type\":\"ReadAction\",\"target\":[\"https:\\\/\\\/www.benediktaichele.com\\\/en\\\/produit\\\/bague-ricochet\\\/\"]}]},{\"@type\":\"ImageObject\",\"inLanguage\":\"en-US\",\"@id\":\"https:\\\/\\\/www.benediktaichele.com\\\/en\\\/produit\\\/bague-ricochet\\\/#primaryimage\",\"url\":\"https:\\\/\\\/www.benediktaichele.com\\\/wp-content\\\/uploads\\\/2020\\\/09\\\/Bague-Ricochet.jpg\",\"contentUrl\":\"https:\\\/\\\/www.benediktaichele.com\\\/wp-content\\\/uploads\\\/2020\\\/09\\\/Bague-Ricochet.jpg\",\"width\":700,\"height\":700},{\"@type\":\"BreadcrumbList\",\"@id\":\"https:\\\/\\\/www.benediktaichele.com\\\/en\\\/produit\\\/bague-ricochet\\\/#breadcrumb\",\"itemListElement\":[{\"@type\":\"ListItem\",\"position\":1,\"name\":\"Accueil\",\"item\":\"https:\\\/\\\/www.benediktaichele.com\\\/en\\\/benedikt-aichele-joaillier\\\/\"},{\"@type\":\"ListItem\",\"position\":2,\"name\":\"Boutique\",\"item\":\"https:\\\/\\\/www.benediktaichele.com\\\/boutique\\\/\"},{\"@type\":\"ListItem\",\"position\":3,\"name\":\"Bague Ricochet\"}]},{\"@type\":\"WebSite\",\"@id\":\"https:\\\/\\\/www.benediktaichele.com\\\/en\\\/#website\",\"url\":\"https:\\\/\\\/www.benediktaichele.com\\\/en\\\/\",\"name\":\"B\u00e9n\u00e9dikt A\u00efchel\u00e9 Joaillier\",\"description\":\"Joaillier Cr\u00e9ateur \u00e0 Uz\u00e8s, Paris et Bruxelles\",\"publisher\":{\"@id\":\"https:\\\/\\\/www.benediktaichele.com\\\/en\\\/#organization\"},\"potentialAction\":[{\"@type\":\"SearchAction\",\"target\":{\"@type\":\"EntryPoint\",\"urlTemplate\":\"https:\\\/\\\/www.benediktaichele.com\\\/en\\\/?s={search_term_string}\"},\"query-input\":{\"@type\":\"PropertyValueSpecification\",\"valueRequired\":true,\"valueName\":\"search_term_string\"}}],\"inLanguage\":\"en-US\"},{\"@type\":\"Organization\",\"@id\":\"https:\\\/\\\/www.benediktaichele.com\\\/en\\\/#organization\",\"name\":\"B\u00e9n\u00e9dikt A\u00efchel\u00e9 Joaillier\",\"url\":\"https:\\\/\\\/www.benediktaichele.com\\\/en\\\/\",\"logo\":{\"@type\":\"ImageObject\",\"inLanguage\":\"en-US\",\"@id\":\"https:\\\/\\\/www.benediktaichele.com\\\/en\\\/#\\\/schema\\\/logo\\\/image\\\/\",\"url\":\"https:\\\/\\\/i2.wp.com\\\/www.benediktaichele.com\\\/wp-content\\\/uploads\\\/2020\\\/10\\\/Logo-Be\u0301ne\u0301dikt-Ai\u0308chele\u0301-Accueil.jpg?fit=1771%2C393&ssl=1\",\"contentUrl\":\"https:\\\/\\\/i2.wp.com\\\/www.benediktaichele.com\\\/wp-content\\\/uploads\\\/2020\\\/10\\\/Logo-Be\u0301ne\u0301dikt-Ai\u0308chele\u0301-Accueil.jpg?fit=1771%2C393&ssl=1\",\"width\":1771,\"height\":393,\"caption\":\"B\u00e9n\u00e9dikt A\u00efchel\u00e9 Joaillier\"},\"image\":{\"@id\":\"https:\\\/\\\/www.benediktaichele.com\\\/en\\\/#\\\/schema\\\/logo\\\/image\\\/\"},\"sameAs\":[\"https:\\\/\\\/www.facebook.com\\\/benediktaichelejoaillier\",\"https:\\\/\\\/www.instagram.com\\\/benediktaichelejoaillier\\\/\"]}]}<\/script>\n<!-- \/ Yoast SEO plugin. -->","yoast_head_json":{"title":"Bague Ricochet - B\u00e9n\u00e9dikt A\u00efchel\u00e9 Joaillier","robots":{"index":"index","follow":"follow","max-snippet":"max-snippet:-1","max-image-preview":"max-image-preview:large","max-video-preview":"max-video-preview:-1"},"canonical":"https:\/\/www.benediktaichele.com\/en\/produit\/bague-ricochet\/","og_locale":"en_US","og_type":"article","og_title":"Bague Ricochet - B\u00e9n\u00e9dikt A\u00efchel\u00e9 Joaillier","og_description":"\"N\u2019ayant jamais r\u00e9ussi \u00e0 faire des ricochets j\u2019ai combl\u00e9 ma frustration en en faisant une bague.\"  Bague en or gris 750\u2030 et Perles d\u2019eau douce. Cette bague \u00e9tait une pi\u00e8ce unique.","og_url":"https:\/\/www.benediktaichele.com\/en\/produit\/bague-ricochet\/","og_site_name":"B\u00e9n\u00e9dikt A\u00efchel\u00e9 Joaillier","article_publisher":"https:\/\/www.facebook.com\/benediktaichelejoaillier","article_modified_time":"2023-03-22T10:35:23+00:00","og_image":[{"width":700,"height":700,"url":"https:\/\/www.benediktaichele.com\/wp-content\/uploads\/2020\/09\/Bague-Ricochet.jpg","type":"image\/jpeg"}],"twitter_card":"summary_large_image","twitter_misc":{"Est. reading time":"2 minutes"},"schema":{"@context":"https:\/\/schema.org","@graph":[{"@type":["WebPage","ItemPage"],"@id":"https:\/\/www.benediktaichele.com\/en\/produit\/bague-ricochet\/","url":"https:\/\/www.benediktaichele.com\/en\/produit\/bague-ricochet\/","name":"Bague Ricochet - B\u00e9n\u00e9dikt A\u00efchel\u00e9 Joaillier","isPartOf":{"@id":"https:\/\/www.benediktaichele.com\/en\/#website"},"primaryImageOfPage":{"@id":"https:\/\/www.benediktaichele.com\/en\/produit\/bague-ricochet\/#primaryimage"},"image":{"@id":"https:\/\/www.benediktaichele.com\/en\/produit\/bague-ricochet\/#primaryimage"},"thumbnailUrl":"https:\/\/www.benediktaichele.com\/wp-content\/uploads\/2020\/09\/Bague-Ricochet.jpg","datePublished":"2021-06-29T05:00:54+00:00","dateModified":"2023-03-22T10:35:23+00:00","breadcrumb":{"@id":"https:\/\/www.benediktaichele.com\/en\/produit\/bague-ricochet\/#breadcrumb"},"inLanguage":"en-US","potentialAction":[{"@type":"ReadAction","target":["https:\/\/www.benediktaichele.com\/en\/produit\/bague-ricochet\/"]}]},{"@type":"ImageObject","inLanguage":"en-US","@id":"https:\/\/www.benediktaichele.com\/en\/produit\/bague-ricochet\/#primaryimage","url":"https:\/\/www.benediktaichele.com\/wp-content\/uploads\/2020\/09\/Bague-Ricochet.jpg","contentUrl":"https:\/\/www.benediktaichele.com\/wp-content\/uploads\/2020\/09\/Bague-Ricochet.jpg","width":700,"height":700},{"@type":"BreadcrumbList","@id":"https:\/\/www.benediktaichele.com\/en\/produit\/bague-ricochet\/#breadcrumb","itemListElement":[{"@type":"ListItem","position":1,"name":"Accueil","item":"https:\/\/www.benediktaichele.com\/en\/benedikt-aichele-joaillier\/"},{"@type":"ListItem","position":2,"name":"Boutique","item":"https:\/\/www.benediktaichele.com\/boutique\/"},{"@type":"ListItem","position":3,"name":"Bague Ricochet"}]},{"@type":"WebSite","@id":"https:\/\/www.benediktaichele.com\/en\/#website","url":"https:\/\/www.benediktaichele.com\/en\/","name":"B\u00e9n\u00e9dikt A\u00efchel\u00e9 Joaillier","description":"Joaillier Cr\u00e9ateur \u00e0 Uz\u00e8s, Paris et Bruxelles","publisher":{"@id":"https:\/\/www.benediktaichele.com\/en\/#organization"},"potentialAction":[{"@type":"SearchAction","target":{"@type":"EntryPoint","urlTemplate":"https:\/\/www.benediktaichele.com\/en\/?s={search_term_string}"},"query-input":{"@type":"PropertyValueSpecification","valueRequired":true,"valueName":"search_term_string"}}],"inLanguage":"en-US"},{"@type":"Organization","@id":"https:\/\/www.benediktaichele.com\/en\/#organization","name":"B\u00e9n\u00e9dikt A\u00efchel\u00e9 Joaillier","url":"https:\/\/www.benediktaichele.com\/en\/","logo":{"@type":"ImageObject","inLanguage":"en-US","@id":"https:\/\/www.benediktaichele.com\/en\/#\/schema\/logo\/image\/","url":"https:\/\/i2.wp.com\/www.benediktaichele.com\/wp-content\/uploads\/2020\/10\/Logo-Be\u0301ne\u0301dikt-Ai\u0308chele\u0301-Accueil.jpg?fit=1771%2C393&ssl=1","contentUrl":"https:\/\/i2.wp.com\/www.benediktaichele.com\/wp-content\/uploads\/2020\/10\/Logo-Be\u0301ne\u0301dikt-Ai\u0308chele\u0301-Accueil.jpg?fit=1771%2C393&ssl=1","width":1771,"height":393,"caption":"B\u00e9n\u00e9dikt A\u00efchel\u00e9 Joaillier"},"image":{"@id":"https:\/\/www.benediktaichele.com\/en\/#\/schema\/logo\/image\/"},"sameAs":["https:\/\/www.facebook.com\/benediktaichelejoaillier","https:\/\/www.instagram.com\/benediktaichelejoaillier\/"]}]}},"_links":{"self":[{"href":"https:\/\/www.benediktaichele.com\/en\/wp-json\/wp\/v2\/product\/231030","targetHints":{"allow":["GET"]}}],"collection":[{"href":"https:\/\/www.benediktaichele.com\/en\/wp-json\/wp\/v2\/product"}],"about":[{"href":"https:\/\/www.benediktaichele.com\/en\/wp-json\/wp\/v2\/types\/product"}],"wp:featuredmedia":[{"embeddable":true,"href":"https:\/\/www.benediktaichele.com\/en\/wp-json\/wp\/v2\/media\/231055"}],"wp:attachment":[{"href":"https:\/\/www.benediktaichele.com\/en\/wp-json\/wp\/v2\/media?parent=231030"}],"wp:term":[{"taxonomy":"product_brand","embeddable":true,"href":"https:\/\/www.benediktaichele.com\/en\/wp-json\/wp\/v2\/product_brand?post=231030"},{"taxonomy":"product_cat","embeddable":true,"href":"https:\/\/www.benediktaichele.com\/en\/wp-json\/wp\/v2\/product_cat?post=231030"},{"taxonomy":"product_tag","embeddable":true,"href":"https:\/\/www.benediktaichele.com\/en\/wp-json\/wp\/v2\/product_tag?post=231030"}],"curies":[{"name":"wp","href":"https:\/\/api.w.org\/{rel}","templated":true}]}}