{"id":232600,"date":"2021-06-28T22:00:16","date_gmt":"2021-06-28T20:00:16","guid":{"rendered":"https:\/\/www.benediktaichele.com\/?post_type=product&#038;p=232600"},"modified":"2021-07-02T13:49:44","modified_gmt":"2021-07-02T11:49:44","slug":"bague-de-foi-tourmaline-verte","status":"publish","type":"product","link":"https:\/\/www.benediktaichele.com\/en\/produit\/bague-de-foi-tourmaline-verte\/","title":{"rendered":"Bague de Foi Tourmaline Verte"},"content":{"rendered":"<p>[et_pb_section fb_built=&#8221;1&#8243; _builder_version=&#8221;3.22&#8243; custom_padding=&#8221;0px||||false|false&#8221; da_disable_devices=&#8221;off|off|off&#8221; da_is_popup=&#8221;off&#8221; da_exit_intent=&#8221;off&#8221; da_has_close=&#8221;on&#8221; da_alt_close=&#8221;off&#8221; da_dark_close=&#8221;off&#8221; da_not_modal=&#8221;on&#8221; da_is_singular=&#8221;off&#8221; da_with_loader=&#8221;off&#8221; da_has_shadow=&#8221;on&#8221;][et_pb_row _builder_version=&#8221;3.25&#8243; background_size=&#8221;initial&#8221; background_position=&#8221;top_left&#8221; background_repeat=&#8221;repeat&#8221; width=&#8221;100%&#8221; custom_padding=&#8221;0px||0px||false|false&#8221;][et_pb_column type=&#8221;4_4&#8243; _builder_version=&#8221;3.25&#8243; custom_padding=&#8221;|||&#8221; custom_padding__hover=&#8221;|||&#8221;][et_pb_wc_breadcrumb _builder_version=&#8221;3.0.47&#8243;][\/et_pb_wc_breadcrumb][et_pb_wc_cart_notice _builder_version=&#8221;3.0.47&#8243;][\/et_pb_wc_cart_notice][\/et_pb_column][\/et_pb_row][et_pb_row column_structure=&#8221;1_2,1_2&#8243; _builder_version=&#8221;3.25&#8243; background_size=&#8221;initial&#8221; background_position=&#8221;top_left&#8221; background_repeat=&#8221;repeat&#8221; width=&#8221;100%&#8221; custom_padding=&#8221;0px||||false|false&#8221;][et_pb_column type=&#8221;1_2&#8243; _builder_version=&#8221;3.25&#8243; custom_padding=&#8221;|||&#8221; custom_padding__hover=&#8221;|||&#8221;][et_pb_wc_images _builder_version=&#8221;3.0.47&#8243;][\/et_pb_wc_images][\/et_pb_column][et_pb_column type=&#8221;1_2&#8243; _builder_version=&#8221;3.25&#8243; custom_padding=&#8221;|||&#8221; custom_padding__hover=&#8221;|||&#8221;][et_pb_wc_title _builder_version=&#8221;3.0.47&#8243;][\/et_pb_wc_title][et_pb_wc_rating _builder_version=&#8221;3.0.47&#8243;][\/et_pb_wc_rating][et_pb_wc_price _builder_version=&#8221;3.0.47&#8243;][\/et_pb_wc_price][et_pb_wc_description _builder_version=&#8221;3.0.47&#8243;][\/et_pb_wc_description][et_pb_wc_add_to_cart _builder_version=&#8221;3.0.47&#8243;][\/et_pb_wc_add_to_cart][et_pb_wc_meta _builder_version=&#8221;3.0.47&#8243;][\/et_pb_wc_meta][\/et_pb_column][\/et_pb_row][et_pb_row _builder_version=&#8221;3.25&#8243; background_size=&#8221;initial&#8221; background_position=&#8221;top_left&#8221; background_repeat=&#8221;repeat&#8221; width=&#8221;100%&#8221;][et_pb_column type=&#8221;4_4&#8243; _builder_version=&#8221;3.25&#8243; custom_padding=&#8221;|||&#8221; custom_padding__hover=&#8221;|||&#8221;][et_pb_wc_tabs _builder_version=&#8221;3.0.47&#8243;]\t\t\t\t\t[\/et_pb_wc_tabs][et_pb_wc_upsells _builder_version=&#8221;3.0.47&#8243;][\/et_pb_wc_upsells][et_pb_wc_related_products _builder_version=&#8221;3.0.47&#8243;][\/et_pb_wc_related_products][\/et_pb_column][\/et_pb_row][\/et_pb_section]<\/p>\n","protected":false},"excerpt":{"rendered":"<p><span class=\"s1\">La bague de foi pr\u00e9sente ou renouvelle aupr\u00e8s de l\u2019\u00eatre choisi l\u2019engagement. Anciennement cette bague symbolisait la garantie d\u2019un contrat \u00e9quilibr\u00e9, respect\u00e9 par les deux parties. J\u2019en offre une version contemporaine mettant en valeur une pierre de centre.<\/span><\/p>\n<h2><strong>Bague en Or Jaune 750\u2030 et <a href=\"https:\/\/www.benediktaichele.com\/bague-tourmaline\/\" target=\"_blank\" rel=\"noopener noreferrer\">Tourmaline Verte<\/a>.<\/strong><\/h2>\n<p><em>Il faut compter au maximum 10 jours entre la commande et sa r\u00e9ception afin de r\u00e9aliser la mise \u00e0 taille.<\/em><\/p>\n","protected":false},"featured_media":232601,"template":"","meta":{"_et_pb_use_builder":"on","_et_pb_old_content":"<p class=\"p1\"><span class=\"s1\">La bague de foi est issue d\u2019un mod\u00e8le ancien revisit\u00e9 d\u2019une mani\u00e8re contemporaine. Il existait ce qu\u2019on appelait la bague de fede, une bague d\u2019engagement symbolis\u00e9e \u00e0 l\u2019\u00e9poque par deux mains tenant un coeur. Offerte en bague de fian\u00e7ailles ou lors de la conclusion d\u2019un contrat. La bague de foi symbolisait la garantie d\u2019un contrat \u00e9quilibr\u00e9, respect\u00e9 par les deux parties.<\/span><\/p>\r\n<p class=\"p1\"><span class=\"s1\">Les deux c\u00f4t\u00e9s de la bague viennent pr\u00e9senter le coeur remplac\u00e9 ici par une pierre de centre. On retrouve les codes de la bague historique mais revisit\u00e9s d\u2019une mani\u00e8re contemporaine. <\/span><span class=\"s1\">Aujourd\u2019hui beaucoup la choisissent comme bague de fian\u00e7ailles mais c\u2019est avant tout une monture qui met tr\u00e8s bien en valeur une pierre de centre.<\/span><\/p>\r\n<p class=\"p1\"><span class=\"s1\">Elle permet de se concentrer pleinement sur la pierre puisqu\u2019il n\u2019y en a qu\u2019une. On se concentre sur la belle mati\u00e8re choisie pour orner la bague. Ici il s'agit d'une magnifique Tourmaline, une pierre particuli\u00e8rement int\u00e9ressante pour sa couleur. Je vous parle plus en d\u00e9tail de la Tourmaline dans le Journal d'Atelier. <a href=\"https:\/\/www.benediktaichele.com\/bague-tourmaline\/\">En savoir plus sur la Tourmaline...<\/a><\/span><\/p>","_et_gb_content_width":""},"product_brand":[],"product_cat":[199,200,470],"product_tag":[],"class_list":{"0":"post-232600","1":"product","2":"type-product","3":"status-publish","4":"has-post-thumbnail","6":"product_cat-bagues","7":"product_cat-bijoux-dexception","8":"product_cat-tourmaline","10":"first","11":"instock","12":"taxable","13":"shipping-taxable","14":"purchasable","15":"product-type-simple"},"yoast_head":"<!-- This site is optimized with the Yoast SEO plugin v27.3 - https:\/\/yoast.com\/product\/yoast-seo-wordpress\/ -->\n<title>Bague de Foi Tourmaline Verte - B\u00e9n\u00e9dikt A\u00efchel\u00e9 Joaillier<\/title>\n<meta name=\"description\" content=\"D\u00e9couvrez la Bague de Foi Tourmaline Verte. Une cr\u00e9ation en Or Jaune 750\u2030 mettant en valeur cette pierre tr\u00e8s recherch\u00e9e pour sa couleur.\" \/>\n<meta name=\"robots\" content=\"index, follow, max-snippet:-1, max-image-preview:large, max-video-preview:-1\" \/>\n<link rel=\"canonical\" href=\"https:\/\/www.benediktaichele.com\/en\/produit\/bague-de-foi-tourmaline-verte\/\" \/>\n<meta property=\"og:locale\" content=\"en_US\" \/>\n<meta property=\"og:type\" content=\"article\" \/>\n<meta property=\"og:title\" content=\"Bague de Foi Tourmaline Verte - B\u00e9n\u00e9dikt A\u00efchel\u00e9 Joaillier\" \/>\n<meta property=\"og:description\" content=\"D\u00e9couvrez la Bague de Foi Tourmaline Verte. Une cr\u00e9ation en Or Jaune 750\u2030 mettant en valeur cette pierre tr\u00e8s recherch\u00e9e pour sa couleur.\" \/>\n<meta property=\"og:url\" content=\"https:\/\/www.benediktaichele.com\/en\/produit\/bague-de-foi-tourmaline-verte\/\" \/>\n<meta property=\"og:site_name\" content=\"B\u00e9n\u00e9dikt A\u00efchel\u00e9 Joaillier\" \/>\n<meta property=\"article:publisher\" content=\"https:\/\/www.facebook.com\/benediktaichelejoaillier\" \/>\n<meta property=\"article:modified_time\" content=\"2021-07-02T11:49:44+00:00\" \/>\n<meta property=\"og:image\" content=\"https:\/\/www.benediktaichele.com\/wp-content\/uploads\/2020\/11\/Bague-de-Foi-Tourmaline-Verte-Or-Jaune-scaled.jpg\" \/>\n\t<meta property=\"og:image:width\" content=\"2560\" \/>\n\t<meta property=\"og:image:height\" content=\"2560\" \/>\n\t<meta property=\"og:image:type\" content=\"image\/jpeg\" \/>\n<meta name=\"twitter:card\" content=\"summary_large_image\" \/>\n<meta name=\"twitter:label1\" content=\"Est. reading time\" \/>\n\t<meta name=\"twitter:data1\" content=\"2 minutes\" \/>\n<script type=\"application\/ld+json\" class=\"yoast-schema-graph\">{\"@context\":\"https:\\\/\\\/schema.org\",\"@graph\":[{\"@type\":[\"WebPage\",\"ItemPage\"],\"@id\":\"https:\\\/\\\/www.benediktaichele.com\\\/en\\\/produit\\\/bague-de-foi-tourmaline-verte\\\/\",\"url\":\"https:\\\/\\\/www.benediktaichele.com\\\/en\\\/produit\\\/bague-de-foi-tourmaline-verte\\\/\",\"name\":\"Bague de Foi Tourmaline Verte - B\u00e9n\u00e9dikt A\u00efchel\u00e9 Joaillier\",\"isPartOf\":{\"@id\":\"https:\\\/\\\/www.benediktaichele.com\\\/en\\\/#website\"},\"primaryImageOfPage\":{\"@id\":\"https:\\\/\\\/www.benediktaichele.com\\\/en\\\/produit\\\/bague-de-foi-tourmaline-verte\\\/#primaryimage\"},\"image\":{\"@id\":\"https:\\\/\\\/www.benediktaichele.com\\\/en\\\/produit\\\/bague-de-foi-tourmaline-verte\\\/#primaryimage\"},\"thumbnailUrl\":\"https:\\\/\\\/www.benediktaichele.com\\\/wp-content\\\/uploads\\\/2020\\\/11\\\/Bague-de-Foi-Tourmaline-Verte-Or-Jaune-scaled.jpg\",\"datePublished\":\"2021-06-28T20:00:16+00:00\",\"dateModified\":\"2021-07-02T11:49:44+00:00\",\"description\":\"D\u00e9couvrez la Bague de Foi Tourmaline Verte. Une cr\u00e9ation en Or Jaune 750\u2030 mettant en valeur cette pierre tr\u00e8s recherch\u00e9e pour sa couleur.\",\"breadcrumb\":{\"@id\":\"https:\\\/\\\/www.benediktaichele.com\\\/en\\\/produit\\\/bague-de-foi-tourmaline-verte\\\/#breadcrumb\"},\"inLanguage\":\"en-US\",\"potentialAction\":[{\"@type\":\"ReadAction\",\"target\":[\"https:\\\/\\\/www.benediktaichele.com\\\/en\\\/produit\\\/bague-de-foi-tourmaline-verte\\\/\"]}]},{\"@type\":\"ImageObject\",\"inLanguage\":\"en-US\",\"@id\":\"https:\\\/\\\/www.benediktaichele.com\\\/en\\\/produit\\\/bague-de-foi-tourmaline-verte\\\/#primaryimage\",\"url\":\"https:\\\/\\\/www.benediktaichele.com\\\/wp-content\\\/uploads\\\/2020\\\/11\\\/Bague-de-Foi-Tourmaline-Verte-Or-Jaune-scaled.jpg\",\"contentUrl\":\"https:\\\/\\\/www.benediktaichele.com\\\/wp-content\\\/uploads\\\/2020\\\/11\\\/Bague-de-Foi-Tourmaline-Verte-Or-Jaune-scaled.jpg\",\"width\":2560,\"height\":2560,\"caption\":\"Bague de Foi Tourmaline Verte et Or Jaune\"},{\"@type\":\"BreadcrumbList\",\"@id\":\"https:\\\/\\\/www.benediktaichele.com\\\/en\\\/produit\\\/bague-de-foi-tourmaline-verte\\\/#breadcrumb\",\"itemListElement\":[{\"@type\":\"ListItem\",\"position\":1,\"name\":\"Accueil\",\"item\":\"https:\\\/\\\/www.benediktaichele.com\\\/en\\\/benedikt-aichele-joaillier\\\/\"},{\"@type\":\"ListItem\",\"position\":2,\"name\":\"Boutique\",\"item\":\"https:\\\/\\\/www.benediktaichele.com\\\/boutique\\\/\"},{\"@type\":\"ListItem\",\"position\":3,\"name\":\"Bague de Foi Tourmaline Verte\"}]},{\"@type\":\"WebSite\",\"@id\":\"https:\\\/\\\/www.benediktaichele.com\\\/en\\\/#website\",\"url\":\"https:\\\/\\\/www.benediktaichele.com\\\/en\\\/\",\"name\":\"B\u00e9n\u00e9dikt A\u00efchel\u00e9 Joaillier\",\"description\":\"Joaillier Cr\u00e9ateur \u00e0 Uz\u00e8s, Paris et Bruxelles\",\"publisher\":{\"@id\":\"https:\\\/\\\/www.benediktaichele.com\\\/en\\\/#organization\"},\"potentialAction\":[{\"@type\":\"SearchAction\",\"target\":{\"@type\":\"EntryPoint\",\"urlTemplate\":\"https:\\\/\\\/www.benediktaichele.com\\\/en\\\/?s={search_term_string}\"},\"query-input\":{\"@type\":\"PropertyValueSpecification\",\"valueRequired\":true,\"valueName\":\"search_term_string\"}}],\"inLanguage\":\"en-US\"},{\"@type\":\"Organization\",\"@id\":\"https:\\\/\\\/www.benediktaichele.com\\\/en\\\/#organization\",\"name\":\"B\u00e9n\u00e9dikt A\u00efchel\u00e9 Joaillier\",\"url\":\"https:\\\/\\\/www.benediktaichele.com\\\/en\\\/\",\"logo\":{\"@type\":\"ImageObject\",\"inLanguage\":\"en-US\",\"@id\":\"https:\\\/\\\/www.benediktaichele.com\\\/en\\\/#\\\/schema\\\/logo\\\/image\\\/\",\"url\":\"https:\\\/\\\/i2.wp.com\\\/www.benediktaichele.com\\\/wp-content\\\/uploads\\\/2020\\\/10\\\/Logo-Be\u0301ne\u0301dikt-Ai\u0308chele\u0301-Accueil.jpg?fit=1771%2C393&ssl=1\",\"contentUrl\":\"https:\\\/\\\/i2.wp.com\\\/www.benediktaichele.com\\\/wp-content\\\/uploads\\\/2020\\\/10\\\/Logo-Be\u0301ne\u0301dikt-Ai\u0308chele\u0301-Accueil.jpg?fit=1771%2C393&ssl=1\",\"width\":1771,\"height\":393,\"caption\":\"B\u00e9n\u00e9dikt A\u00efchel\u00e9 Joaillier\"},\"image\":{\"@id\":\"https:\\\/\\\/www.benediktaichele.com\\\/en\\\/#\\\/schema\\\/logo\\\/image\\\/\"},\"sameAs\":[\"https:\\\/\\\/www.facebook.com\\\/benediktaichelejoaillier\",\"https:\\\/\\\/www.instagram.com\\\/benediktaichelejoaillier\\\/\"]}]}<\/script>\n<!-- \/ Yoast SEO plugin. -->","yoast_head_json":{"title":"Bague de Foi Tourmaline Verte - B\u00e9n\u00e9dikt A\u00efchel\u00e9 Joaillier","description":"D\u00e9couvrez la Bague de Foi Tourmaline Verte. Une cr\u00e9ation en Or Jaune 750\u2030 mettant en valeur cette pierre tr\u00e8s recherch\u00e9e pour sa couleur.","robots":{"index":"index","follow":"follow","max-snippet":"max-snippet:-1","max-image-preview":"max-image-preview:large","max-video-preview":"max-video-preview:-1"},"canonical":"https:\/\/www.benediktaichele.com\/en\/produit\/bague-de-foi-tourmaline-verte\/","og_locale":"en_US","og_type":"article","og_title":"Bague de Foi Tourmaline Verte - B\u00e9n\u00e9dikt A\u00efchel\u00e9 Joaillier","og_description":"D\u00e9couvrez la Bague de Foi Tourmaline Verte. Une cr\u00e9ation en Or Jaune 750\u2030 mettant en valeur cette pierre tr\u00e8s recherch\u00e9e pour sa couleur.","og_url":"https:\/\/www.benediktaichele.com\/en\/produit\/bague-de-foi-tourmaline-verte\/","og_site_name":"B\u00e9n\u00e9dikt A\u00efchel\u00e9 Joaillier","article_publisher":"https:\/\/www.facebook.com\/benediktaichelejoaillier","article_modified_time":"2021-07-02T11:49:44+00:00","og_image":[{"width":2560,"height":2560,"url":"https:\/\/www.benediktaichele.com\/wp-content\/uploads\/2020\/11\/Bague-de-Foi-Tourmaline-Verte-Or-Jaune-scaled.jpg","type":"image\/jpeg"}],"twitter_card":"summary_large_image","twitter_misc":{"Est. reading time":"2 minutes"},"schema":{"@context":"https:\/\/schema.org","@graph":[{"@type":["WebPage","ItemPage"],"@id":"https:\/\/www.benediktaichele.com\/en\/produit\/bague-de-foi-tourmaline-verte\/","url":"https:\/\/www.benediktaichele.com\/en\/produit\/bague-de-foi-tourmaline-verte\/","name":"Bague de Foi Tourmaline Verte - B\u00e9n\u00e9dikt A\u00efchel\u00e9 Joaillier","isPartOf":{"@id":"https:\/\/www.benediktaichele.com\/en\/#website"},"primaryImageOfPage":{"@id":"https:\/\/www.benediktaichele.com\/en\/produit\/bague-de-foi-tourmaline-verte\/#primaryimage"},"image":{"@id":"https:\/\/www.benediktaichele.com\/en\/produit\/bague-de-foi-tourmaline-verte\/#primaryimage"},"thumbnailUrl":"https:\/\/www.benediktaichele.com\/wp-content\/uploads\/2020\/11\/Bague-de-Foi-Tourmaline-Verte-Or-Jaune-scaled.jpg","datePublished":"2021-06-28T20:00:16+00:00","dateModified":"2021-07-02T11:49:44+00:00","description":"D\u00e9couvrez la Bague de Foi Tourmaline Verte. Une cr\u00e9ation en Or Jaune 750\u2030 mettant en valeur cette pierre tr\u00e8s recherch\u00e9e pour sa couleur.","breadcrumb":{"@id":"https:\/\/www.benediktaichele.com\/en\/produit\/bague-de-foi-tourmaline-verte\/#breadcrumb"},"inLanguage":"en-US","potentialAction":[{"@type":"ReadAction","target":["https:\/\/www.benediktaichele.com\/en\/produit\/bague-de-foi-tourmaline-verte\/"]}]},{"@type":"ImageObject","inLanguage":"en-US","@id":"https:\/\/www.benediktaichele.com\/en\/produit\/bague-de-foi-tourmaline-verte\/#primaryimage","url":"https:\/\/www.benediktaichele.com\/wp-content\/uploads\/2020\/11\/Bague-de-Foi-Tourmaline-Verte-Or-Jaune-scaled.jpg","contentUrl":"https:\/\/www.benediktaichele.com\/wp-content\/uploads\/2020\/11\/Bague-de-Foi-Tourmaline-Verte-Or-Jaune-scaled.jpg","width":2560,"height":2560,"caption":"Bague de Foi Tourmaline Verte et Or Jaune"},{"@type":"BreadcrumbList","@id":"https:\/\/www.benediktaichele.com\/en\/produit\/bague-de-foi-tourmaline-verte\/#breadcrumb","itemListElement":[{"@type":"ListItem","position":1,"name":"Accueil","item":"https:\/\/www.benediktaichele.com\/en\/benedikt-aichele-joaillier\/"},{"@type":"ListItem","position":2,"name":"Boutique","item":"https:\/\/www.benediktaichele.com\/boutique\/"},{"@type":"ListItem","position":3,"name":"Bague de Foi Tourmaline Verte"}]},{"@type":"WebSite","@id":"https:\/\/www.benediktaichele.com\/en\/#website","url":"https:\/\/www.benediktaichele.com\/en\/","name":"B\u00e9n\u00e9dikt A\u00efchel\u00e9 Joaillier","description":"Joaillier Cr\u00e9ateur \u00e0 Uz\u00e8s, Paris et Bruxelles","publisher":{"@id":"https:\/\/www.benediktaichele.com\/en\/#organization"},"potentialAction":[{"@type":"SearchAction","target":{"@type":"EntryPoint","urlTemplate":"https:\/\/www.benediktaichele.com\/en\/?s={search_term_string}"},"query-input":{"@type":"PropertyValueSpecification","valueRequired":true,"valueName":"search_term_string"}}],"inLanguage":"en-US"},{"@type":"Organization","@id":"https:\/\/www.benediktaichele.com\/en\/#organization","name":"B\u00e9n\u00e9dikt A\u00efchel\u00e9 Joaillier","url":"https:\/\/www.benediktaichele.com\/en\/","logo":{"@type":"ImageObject","inLanguage":"en-US","@id":"https:\/\/www.benediktaichele.com\/en\/#\/schema\/logo\/image\/","url":"https:\/\/i2.wp.com\/www.benediktaichele.com\/wp-content\/uploads\/2020\/10\/Logo-Be\u0301ne\u0301dikt-Ai\u0308chele\u0301-Accueil.jpg?fit=1771%2C393&ssl=1","contentUrl":"https:\/\/i2.wp.com\/www.benediktaichele.com\/wp-content\/uploads\/2020\/10\/Logo-Be\u0301ne\u0301dikt-Ai\u0308chele\u0301-Accueil.jpg?fit=1771%2C393&ssl=1","width":1771,"height":393,"caption":"B\u00e9n\u00e9dikt A\u00efchel\u00e9 Joaillier"},"image":{"@id":"https:\/\/www.benediktaichele.com\/en\/#\/schema\/logo\/image\/"},"sameAs":["https:\/\/www.facebook.com\/benediktaichelejoaillier","https:\/\/www.instagram.com\/benediktaichelejoaillier\/"]}]}},"_links":{"self":[{"href":"https:\/\/www.benediktaichele.com\/en\/wp-json\/wp\/v2\/product\/232600","targetHints":{"allow":["GET"]}}],"collection":[{"href":"https:\/\/www.benediktaichele.com\/en\/wp-json\/wp\/v2\/product"}],"about":[{"href":"https:\/\/www.benediktaichele.com\/en\/wp-json\/wp\/v2\/types\/product"}],"wp:featuredmedia":[{"embeddable":true,"href":"https:\/\/www.benediktaichele.com\/en\/wp-json\/wp\/v2\/media\/232601"}],"wp:attachment":[{"href":"https:\/\/www.benediktaichele.com\/en\/wp-json\/wp\/v2\/media?parent=232600"}],"wp:term":[{"taxonomy":"product_brand","embeddable":true,"href":"https:\/\/www.benediktaichele.com\/en\/wp-json\/wp\/v2\/product_brand?post=232600"},{"taxonomy":"product_cat","embeddable":true,"href":"https:\/\/www.benediktaichele.com\/en\/wp-json\/wp\/v2\/product_cat?post=232600"},{"taxonomy":"product_tag","embeddable":true,"href":"https:\/\/www.benediktaichele.com\/en\/wp-json\/wp\/v2\/product_tag?post=232600"}],"curies":[{"name":"wp","href":"https:\/\/api.w.org\/{rel}","templated":true}]}}