{"id":237681,"date":"2021-12-09T09:03:50","date_gmt":"2021-12-09T08:03:50","guid":{"rendered":"https:\/\/www.benediktaichele.com\/produit\/bague-duo\/"},"modified":"2023-03-22T13:33:15","modified_gmt":"2023-03-22T12:33:15","slug":"bague-duo","status":"publish","type":"product","link":"https:\/\/www.benediktaichele.com\/en\/produit\/bague-duo\/","title":{"rendered":"Bague Duo"},"content":{"rendered":"<p>[et_pb_section fb_built=&#8221;1&#8243; _builder_version=&#8221;3.22&#8243; custom_padding=&#8221;0px||||false|false&#8221; da_disable_devices=&#8221;off|off|off&#8221; global_colors_info=&#8221;{}&#8221; da_is_popup=&#8221;off&#8221; da_exit_intent=&#8221;off&#8221; da_has_close=&#8221;on&#8221; da_alt_close=&#8221;off&#8221; da_dark_close=&#8221;off&#8221; da_not_modal=&#8221;on&#8221; da_is_singular=&#8221;off&#8221; da_with_loader=&#8221;off&#8221; da_has_shadow=&#8221;on&#8221;][et_pb_row _builder_version=&#8221;3.25&#8243; background_size=&#8221;initial&#8221; background_position=&#8221;top_left&#8221; background_repeat=&#8221;repeat&#8221; width=&#8221;100%&#8221; custom_padding=&#8221;0px||0px||false|false&#8221; global_colors_info=&#8221;{}&#8221;][et_pb_column type=&#8221;4_4&#8243; _builder_version=&#8221;3.25&#8243; custom_padding=&#8221;|||&#8221; global_colors_info=&#8221;{}&#8221; custom_padding__hover=&#8221;|||&#8221;][et_pb_wc_breadcrumb _builder_version=&#8221;3.0.47&#8243; global_colors_info=&#8221;{}&#8221;][\/et_pb_wc_breadcrumb][et_pb_wc_cart_notice global_colors_info=&#8221;{}&#8221;][\/et_pb_wc_cart_notice][\/et_pb_column][\/et_pb_row][et_pb_row column_structure=&#8221;1_2,1_2&#8243; _builder_version=&#8221;3.25&#8243; background_size=&#8221;initial&#8221; background_position=&#8221;top_left&#8221; background_repeat=&#8221;repeat&#8221; width=&#8221;100%&#8221; custom_padding=&#8221;0px||||false|false&#8221; global_colors_info=&#8221;{}&#8221;][et_pb_column type=&#8221;1_2&#8243; _builder_version=&#8221;3.25&#8243; custom_padding=&#8221;|||&#8221; global_colors_info=&#8221;{}&#8221; custom_padding__hover=&#8221;|||&#8221;][et_pb_wc_images _builder_version=&#8221;3.0.47&#8243; global_colors_info=&#8221;{}&#8221;][\/et_pb_wc_images][\/et_pb_column][et_pb_column type=&#8221;1_2&#8243; _builder_version=&#8221;3.25&#8243; custom_padding=&#8221;|||&#8221; global_colors_info=&#8221;{}&#8221; custom_padding__hover=&#8221;|||&#8221;][et_pb_wc_title _builder_version=&#8221;3.0.47&#8243; global_colors_info=&#8221;{}&#8221;][\/et_pb_wc_title][et_pb_wc_rating _builder_version=&#8221;3.0.47&#8243; global_colors_info=&#8221;{}&#8221;][\/et_pb_wc_rating][et_pb_wc_price _builder_version=&#8221;3.0.47&#8243; global_colors_info=&#8221;{}&#8221;][\/et_pb_wc_price][et_pb_wc_description _builder_version=&#8221;3.0.47&#8243; global_colors_info=&#8221;{}&#8221;][\/et_pb_wc_description][et_pb_wc_add_to_cart global_colors_info=&#8221;{}&#8221;][\/et_pb_wc_add_to_cart][et_pb_wc_meta _builder_version=&#8221;3.0.47&#8243; global_colors_info=&#8221;{}&#8221;][\/et_pb_wc_meta][\/et_pb_column][\/et_pb_row][et_pb_row _builder_version=&#8221;3.25&#8243; background_size=&#8221;initial&#8221; background_position=&#8221;top_left&#8221; background_repeat=&#8221;repeat&#8221; width=&#8221;100%&#8221; global_colors_info=&#8221;{}&#8221;][et_pb_column type=&#8221;4_4&#8243; _builder_version=&#8221;3.25&#8243; custom_padding=&#8221;|||&#8221; global_colors_info=&#8221;{}&#8221; custom_padding__hover=&#8221;|||&#8221;][et_pb_wc_tabs _builder_version=&#8221;3.0.47&#8243; global_colors_info=&#8221;{}&#8221;]\t\t\t\t\t[\/et_pb_wc_tabs][et_pb_wc_upsells _builder_version=&#8221;3.0.47&#8243; global_colors_info=&#8221;{}&#8221;][\/et_pb_wc_upsells][et_pb_wc_related_products _builder_version=&#8221;3.0.47&#8243; global_colors_info=&#8221;{}&#8221;][\/et_pb_wc_related_products][\/et_pb_column][\/et_pb_row][\/et_pb_section]<\/p>\n","protected":false},"excerpt":{"rendered":"<h2>Cr\u00e9\u00e9e pour un couple, la forme de ces bagues se r\u00e9pond et c&#8217;est ainsi qu&#8217;elles prennent tout leur sens.<\/h2>\n<h2><strong>Bague en Or jaune 750\u2030 et Diamants.<\/strong><\/h2>\n<p><em>Le Prix est indiqu\u00e9 par bague. <\/em><\/p>\n<p><em>Chaque bijou \u00e9tant fabriqu\u00e9 de mani\u00e8re artisanale, il faut compter un d\u00e9lai maximal d\u2019un mois entre la commande et sa r\u00e9ception.<\/em><\/p>\n","protected":false},"featured_media":235803,"template":"","meta":{"_et_pb_use_builder":"on","_et_pb_old_content":"","_et_gb_content_width":""},"product_brand":[],"product_cat":[509,514,506],"product_tag":[],"class_list":{"0":"post-237681","1":"product","2":"type-product","3":"status-publish","4":"has-post-thumbnail","6":"product_cat-collections","7":"product_cat-diamond","8":"product_cat-rings","10":"first","11":"instock","12":"taxable","13":"shipping-taxable","14":"purchasable","15":"product-type-variable"},"yoast_head":"<!-- This site is optimized with the Yoast SEO plugin v27.3 - https:\/\/yoast.com\/product\/yoast-seo-wordpress\/ -->\n<title>Bague Duo - B\u00e9n\u00e9dikt A\u00efchel\u00e9 Joaillier<\/title>\n<meta name=\"robots\" content=\"index, follow, max-snippet:-1, max-image-preview:large, max-video-preview:-1\" \/>\n<link rel=\"canonical\" href=\"https:\/\/www.benediktaichele.com\/en\/produit\/bague-duo\/\" \/>\n<meta property=\"og:locale\" content=\"en_US\" \/>\n<meta property=\"og:type\" content=\"article\" \/>\n<meta property=\"og:title\" content=\"Bague Duo - B\u00e9n\u00e9dikt A\u00efchel\u00e9 Joaillier\" \/>\n<meta property=\"og:description\" content=\"Cr\u00e9\u00e9e pour un couple, la forme de ces bagues se r\u00e9pond et c&#039;est ainsi qu&#039;elles prennent tout leur sens. Bague en Or jaune 750\u2030 et Diamants. Le Prix est indiqu\u00e9 par bague.   Chaque bijou \u00e9tant fabriqu\u00e9 de mani\u00e8re artisanale, il faut compter un d\u00e9lai maximal d\u2019un mois entre la commande et sa r\u00e9ception.\" \/>\n<meta property=\"og:url\" content=\"https:\/\/www.benediktaichele.com\/en\/produit\/bague-duo\/\" \/>\n<meta property=\"og:site_name\" content=\"B\u00e9n\u00e9dikt A\u00efchel\u00e9 Joaillier\" \/>\n<meta property=\"article:publisher\" content=\"https:\/\/www.facebook.com\/benediktaichelejoaillier\" \/>\n<meta property=\"article:modified_time\" content=\"2023-03-22T12:33:15+00:00\" \/>\n<meta property=\"og:image\" content=\"https:\/\/www.benediktaichele.com\/wp-content\/uploads\/2021\/12\/Bague-Duo-Diamants-et-Or-Jaune.jpg\" \/>\n\t<meta property=\"og:image:width\" content=\"1080\" \/>\n\t<meta property=\"og:image:height\" content=\"1080\" \/>\n\t<meta property=\"og:image:type\" content=\"image\/jpeg\" \/>\n<meta name=\"twitter:card\" content=\"summary_large_image\" \/>\n<meta name=\"twitter:label1\" content=\"Est. reading time\" \/>\n\t<meta name=\"twitter:data1\" content=\"2 minutes\" \/>\n<script type=\"application\/ld+json\" class=\"yoast-schema-graph\">{\"@context\":\"https:\\\/\\\/schema.org\",\"@graph\":[{\"@type\":[\"WebPage\",\"ItemPage\"],\"@id\":\"https:\\\/\\\/www.benediktaichele.com\\\/en\\\/produit\\\/bague-duo\\\/\",\"url\":\"https:\\\/\\\/www.benediktaichele.com\\\/en\\\/produit\\\/bague-duo\\\/\",\"name\":\"Bague Duo - B\u00e9n\u00e9dikt A\u00efchel\u00e9 Joaillier\",\"isPartOf\":{\"@id\":\"https:\\\/\\\/www.benediktaichele.com\\\/en\\\/#website\"},\"primaryImageOfPage\":{\"@id\":\"https:\\\/\\\/www.benediktaichele.com\\\/en\\\/produit\\\/bague-duo\\\/#primaryimage\"},\"image\":{\"@id\":\"https:\\\/\\\/www.benediktaichele.com\\\/en\\\/produit\\\/bague-duo\\\/#primaryimage\"},\"thumbnailUrl\":\"https:\\\/\\\/www.benediktaichele.com\\\/wp-content\\\/uploads\\\/2021\\\/12\\\/Bague-Duo-Diamants-et-Or-Jaune.jpg\",\"datePublished\":\"2021-12-09T08:03:50+00:00\",\"dateModified\":\"2023-03-22T12:33:15+00:00\",\"breadcrumb\":{\"@id\":\"https:\\\/\\\/www.benediktaichele.com\\\/en\\\/produit\\\/bague-duo\\\/#breadcrumb\"},\"inLanguage\":\"en-US\",\"potentialAction\":[{\"@type\":\"ReadAction\",\"target\":[\"https:\\\/\\\/www.benediktaichele.com\\\/en\\\/produit\\\/bague-duo\\\/\"]}]},{\"@type\":\"ImageObject\",\"inLanguage\":\"en-US\",\"@id\":\"https:\\\/\\\/www.benediktaichele.com\\\/en\\\/produit\\\/bague-duo\\\/#primaryimage\",\"url\":\"https:\\\/\\\/www.benediktaichele.com\\\/wp-content\\\/uploads\\\/2021\\\/12\\\/Bague-Duo-Diamants-et-Or-Jaune.jpg\",\"contentUrl\":\"https:\\\/\\\/www.benediktaichele.com\\\/wp-content\\\/uploads\\\/2021\\\/12\\\/Bague-Duo-Diamants-et-Or-Jaune.jpg\",\"width\":1080,\"height\":1080,\"caption\":\"Diamond and Yellow Gold Duo Ring\"},{\"@type\":\"BreadcrumbList\",\"@id\":\"https:\\\/\\\/www.benediktaichele.com\\\/en\\\/produit\\\/bague-duo\\\/#breadcrumb\",\"itemListElement\":[{\"@type\":\"ListItem\",\"position\":1,\"name\":\"Accueil\",\"item\":\"https:\\\/\\\/www.benediktaichele.com\\\/en\\\/benedikt-aichele-joaillier\\\/\"},{\"@type\":\"ListItem\",\"position\":2,\"name\":\"Boutique\",\"item\":\"https:\\\/\\\/www.benediktaichele.com\\\/boutique\\\/\"},{\"@type\":\"ListItem\",\"position\":3,\"name\":\"Bague Duo\"}]},{\"@type\":\"WebSite\",\"@id\":\"https:\\\/\\\/www.benediktaichele.com\\\/en\\\/#website\",\"url\":\"https:\\\/\\\/www.benediktaichele.com\\\/en\\\/\",\"name\":\"B\u00e9n\u00e9dikt A\u00efchel\u00e9 Joaillier\",\"description\":\"Joaillier Cr\u00e9ateur \u00e0 Uz\u00e8s, Paris et Bruxelles\",\"publisher\":{\"@id\":\"https:\\\/\\\/www.benediktaichele.com\\\/en\\\/#organization\"},\"potentialAction\":[{\"@type\":\"SearchAction\",\"target\":{\"@type\":\"EntryPoint\",\"urlTemplate\":\"https:\\\/\\\/www.benediktaichele.com\\\/en\\\/?s={search_term_string}\"},\"query-input\":{\"@type\":\"PropertyValueSpecification\",\"valueRequired\":true,\"valueName\":\"search_term_string\"}}],\"inLanguage\":\"en-US\"},{\"@type\":\"Organization\",\"@id\":\"https:\\\/\\\/www.benediktaichele.com\\\/en\\\/#organization\",\"name\":\"B\u00e9n\u00e9dikt A\u00efchel\u00e9 Joaillier\",\"url\":\"https:\\\/\\\/www.benediktaichele.com\\\/en\\\/\",\"logo\":{\"@type\":\"ImageObject\",\"inLanguage\":\"en-US\",\"@id\":\"https:\\\/\\\/www.benediktaichele.com\\\/en\\\/#\\\/schema\\\/logo\\\/image\\\/\",\"url\":\"https:\\\/\\\/i2.wp.com\\\/www.benediktaichele.com\\\/wp-content\\\/uploads\\\/2020\\\/10\\\/Logo-Be\u0301ne\u0301dikt-Ai\u0308chele\u0301-Accueil.jpg?fit=1771%2C393&ssl=1\",\"contentUrl\":\"https:\\\/\\\/i2.wp.com\\\/www.benediktaichele.com\\\/wp-content\\\/uploads\\\/2020\\\/10\\\/Logo-Be\u0301ne\u0301dikt-Ai\u0308chele\u0301-Accueil.jpg?fit=1771%2C393&ssl=1\",\"width\":1771,\"height\":393,\"caption\":\"B\u00e9n\u00e9dikt A\u00efchel\u00e9 Joaillier\"},\"image\":{\"@id\":\"https:\\\/\\\/www.benediktaichele.com\\\/en\\\/#\\\/schema\\\/logo\\\/image\\\/\"},\"sameAs\":[\"https:\\\/\\\/www.facebook.com\\\/benediktaichelejoaillier\",\"https:\\\/\\\/www.instagram.com\\\/benediktaichelejoaillier\\\/\"]}]}<\/script>\n<!-- \/ Yoast SEO plugin. -->","yoast_head_json":{"title":"Bague Duo - B\u00e9n\u00e9dikt A\u00efchel\u00e9 Joaillier","robots":{"index":"index","follow":"follow","max-snippet":"max-snippet:-1","max-image-preview":"max-image-preview:large","max-video-preview":"max-video-preview:-1"},"canonical":"https:\/\/www.benediktaichele.com\/en\/produit\/bague-duo\/","og_locale":"en_US","og_type":"article","og_title":"Bague Duo - B\u00e9n\u00e9dikt A\u00efchel\u00e9 Joaillier","og_description":"Cr\u00e9\u00e9e pour un couple, la forme de ces bagues se r\u00e9pond et c'est ainsi qu'elles prennent tout leur sens. Bague en Or jaune 750\u2030 et Diamants. Le Prix est indiqu\u00e9 par bague.   Chaque bijou \u00e9tant fabriqu\u00e9 de mani\u00e8re artisanale, il faut compter un d\u00e9lai maximal d\u2019un mois entre la commande et sa r\u00e9ception.","og_url":"https:\/\/www.benediktaichele.com\/en\/produit\/bague-duo\/","og_site_name":"B\u00e9n\u00e9dikt A\u00efchel\u00e9 Joaillier","article_publisher":"https:\/\/www.facebook.com\/benediktaichelejoaillier","article_modified_time":"2023-03-22T12:33:15+00:00","og_image":[{"width":1080,"height":1080,"url":"https:\/\/www.benediktaichele.com\/wp-content\/uploads\/2021\/12\/Bague-Duo-Diamants-et-Or-Jaune.jpg","type":"image\/jpeg"}],"twitter_card":"summary_large_image","twitter_misc":{"Est. reading time":"2 minutes"},"schema":{"@context":"https:\/\/schema.org","@graph":[{"@type":["WebPage","ItemPage"],"@id":"https:\/\/www.benediktaichele.com\/en\/produit\/bague-duo\/","url":"https:\/\/www.benediktaichele.com\/en\/produit\/bague-duo\/","name":"Bague Duo - B\u00e9n\u00e9dikt A\u00efchel\u00e9 Joaillier","isPartOf":{"@id":"https:\/\/www.benediktaichele.com\/en\/#website"},"primaryImageOfPage":{"@id":"https:\/\/www.benediktaichele.com\/en\/produit\/bague-duo\/#primaryimage"},"image":{"@id":"https:\/\/www.benediktaichele.com\/en\/produit\/bague-duo\/#primaryimage"},"thumbnailUrl":"https:\/\/www.benediktaichele.com\/wp-content\/uploads\/2021\/12\/Bague-Duo-Diamants-et-Or-Jaune.jpg","datePublished":"2021-12-09T08:03:50+00:00","dateModified":"2023-03-22T12:33:15+00:00","breadcrumb":{"@id":"https:\/\/www.benediktaichele.com\/en\/produit\/bague-duo\/#breadcrumb"},"inLanguage":"en-US","potentialAction":[{"@type":"ReadAction","target":["https:\/\/www.benediktaichele.com\/en\/produit\/bague-duo\/"]}]},{"@type":"ImageObject","inLanguage":"en-US","@id":"https:\/\/www.benediktaichele.com\/en\/produit\/bague-duo\/#primaryimage","url":"https:\/\/www.benediktaichele.com\/wp-content\/uploads\/2021\/12\/Bague-Duo-Diamants-et-Or-Jaune.jpg","contentUrl":"https:\/\/www.benediktaichele.com\/wp-content\/uploads\/2021\/12\/Bague-Duo-Diamants-et-Or-Jaune.jpg","width":1080,"height":1080,"caption":"Diamond and Yellow Gold Duo Ring"},{"@type":"BreadcrumbList","@id":"https:\/\/www.benediktaichele.com\/en\/produit\/bague-duo\/#breadcrumb","itemListElement":[{"@type":"ListItem","position":1,"name":"Accueil","item":"https:\/\/www.benediktaichele.com\/en\/benedikt-aichele-joaillier\/"},{"@type":"ListItem","position":2,"name":"Boutique","item":"https:\/\/www.benediktaichele.com\/boutique\/"},{"@type":"ListItem","position":3,"name":"Bague Duo"}]},{"@type":"WebSite","@id":"https:\/\/www.benediktaichele.com\/en\/#website","url":"https:\/\/www.benediktaichele.com\/en\/","name":"B\u00e9n\u00e9dikt A\u00efchel\u00e9 Joaillier","description":"Joaillier Cr\u00e9ateur \u00e0 Uz\u00e8s, Paris et Bruxelles","publisher":{"@id":"https:\/\/www.benediktaichele.com\/en\/#organization"},"potentialAction":[{"@type":"SearchAction","target":{"@type":"EntryPoint","urlTemplate":"https:\/\/www.benediktaichele.com\/en\/?s={search_term_string}"},"query-input":{"@type":"PropertyValueSpecification","valueRequired":true,"valueName":"search_term_string"}}],"inLanguage":"en-US"},{"@type":"Organization","@id":"https:\/\/www.benediktaichele.com\/en\/#organization","name":"B\u00e9n\u00e9dikt A\u00efchel\u00e9 Joaillier","url":"https:\/\/www.benediktaichele.com\/en\/","logo":{"@type":"ImageObject","inLanguage":"en-US","@id":"https:\/\/www.benediktaichele.com\/en\/#\/schema\/logo\/image\/","url":"https:\/\/i2.wp.com\/www.benediktaichele.com\/wp-content\/uploads\/2020\/10\/Logo-Be\u0301ne\u0301dikt-Ai\u0308chele\u0301-Accueil.jpg?fit=1771%2C393&ssl=1","contentUrl":"https:\/\/i2.wp.com\/www.benediktaichele.com\/wp-content\/uploads\/2020\/10\/Logo-Be\u0301ne\u0301dikt-Ai\u0308chele\u0301-Accueil.jpg?fit=1771%2C393&ssl=1","width":1771,"height":393,"caption":"B\u00e9n\u00e9dikt A\u00efchel\u00e9 Joaillier"},"image":{"@id":"https:\/\/www.benediktaichele.com\/en\/#\/schema\/logo\/image\/"},"sameAs":["https:\/\/www.facebook.com\/benediktaichelejoaillier","https:\/\/www.instagram.com\/benediktaichelejoaillier\/"]}]}},"_links":{"self":[{"href":"https:\/\/www.benediktaichele.com\/en\/wp-json\/wp\/v2\/product\/237681","targetHints":{"allow":["GET"]}}],"collection":[{"href":"https:\/\/www.benediktaichele.com\/en\/wp-json\/wp\/v2\/product"}],"about":[{"href":"https:\/\/www.benediktaichele.com\/en\/wp-json\/wp\/v2\/types\/product"}],"wp:featuredmedia":[{"embeddable":true,"href":"https:\/\/www.benediktaichele.com\/en\/wp-json\/wp\/v2\/media\/235803"}],"wp:attachment":[{"href":"https:\/\/www.benediktaichele.com\/en\/wp-json\/wp\/v2\/media?parent=237681"}],"wp:term":[{"taxonomy":"product_brand","embeddable":true,"href":"https:\/\/www.benediktaichele.com\/en\/wp-json\/wp\/v2\/product_brand?post=237681"},{"taxonomy":"product_cat","embeddable":true,"href":"https:\/\/www.benediktaichele.com\/en\/wp-json\/wp\/v2\/product_cat?post=237681"},{"taxonomy":"product_tag","embeddable":true,"href":"https:\/\/www.benediktaichele.com\/en\/wp-json\/wp\/v2\/product_tag?post=237681"}],"curies":[{"name":"wp","href":"https:\/\/api.w.org\/{rel}","templated":true}]}}